{"id":15,"date":"2020-02-19T13:51:17","date_gmt":"2020-02-19T12:51:17","guid":{"rendered":"https:\/\/www.origenqi.es\/?page_id=15"},"modified":"2026-04-20T21:22:19","modified_gmt":"2026-04-20T20:22:19","slug":"bienvenida","status":"publish","type":"page","link":"https:\/\/www.origenqi.es\/","title":{"rendered":"Bienvenida"},"content":{"rendered":"\n<p>Os damos la m\u00e1s cordial bienvenida a <strong>Origen Qi<\/strong>, el proyecto de ense\u00f1anza de <strong>Zhineng Qigong<\/strong> que naci\u00f3 en la bella ciudad de Barcelona.<\/p>\n\n\n\n<p>Las ense\u00f1anzas que impartimos provienen directamente del origen de Zhineng Qigong. Hemos recibido las ense\u00f1anzas de Zhineng Qigong de los disc\u00edpulos m\u00e1s cercanos al creador de este gran tesoro de la humanidad. Ellos nos han compartido este gran conocimiento siendo profundamente respetuosos en no cambiar nada manteniendo as\u00ed su m\u00e1xima eficacia para que los que lo practicamos evolucionemos en todos los sentidos. <\/p>\n\n\n\n<p>Zhineng Qigong es una ciencia viva. El <strong>Dr. Pang Ming<\/strong>, creador de Zhineng Qigong, contin\u00faa investigando y publicando sus resultados de investigaci\u00f3n. Nosotros tenemos la fortuna de recibir estos resultados de primera mano debido a que nuestros Maestros realizan investigaci\u00f3n con el Dr. Pang Ming. Y as\u00ed nos nutrimos de la mejor informaci\u00f3n para seguir evolucionando.<\/p>\n\n\n\n<p>Zhineng Qigong es una pr\u00e1ctica muy poderosa y estamos deseosos de compartirla con todos ustedes para ayudarles a manifestar vuestro m\u00e1ximo potencial de salud y a construir vuestros m\u00e1s bellos sue\u00f1os.<\/p>\n\n\n\n<p>\u00a1Os damos de nuevo la bienvenida y Hun Yuan Ling Tong!<\/p>\n\n\n\n<figure class=\"wp-block-image size-large\"><a href=\"https:\/\/www.origenqi.es\/?page_id=24\"><img loading=\"lazy\" decoding=\"async\" width=\"1024\" height=\"1024\" src=\"https:\/\/www.origenqi.es\/wp-content\/uploads\/2026\/04\/2026061314-Primer-Nivel-1024x1024.png\" alt=\"\" class=\"wp-image-3280\" srcset=\"https:\/\/www.origenqi.es\/wp-content\/uploads\/2026\/04\/2026061314-Primer-Nivel-1024x1024.png 1024w, https:\/\/www.origenqi.es\/wp-content\/uploads\/2026\/04\/2026061314-Primer-Nivel-300x300.png 300w, https:\/\/www.origenqi.es\/wp-content\/uploads\/2026\/04\/2026061314-Primer-Nivel-150x150.png 150w, https:\/\/www.origenqi.es\/wp-content\/uploads\/2026\/04\/2026061314-Primer-Nivel-768x768.png 768w, https:\/\/www.origenqi.es\/wp-content\/uploads\/2026\/04\/2026061314-Primer-Nivel-270x270.png 270w, https:\/\/www.origenqi.es\/wp-content\/uploads\/2026\/04\/2026061314-Primer-Nivel-230x230.png 230w, https:\/\/www.origenqi.es\/wp-content\/uploads\/2026\/04\/2026061314-Primer-Nivel.png 1080w\" sizes=\"auto, (max-width: 1024px) 100vw, 1024px\" \/><\/a><\/figure>\n\n\n\n<figure class=\"wp-block-image size-large\"><a href=\"https:\/\/www.origenqi.es\/?p=963\"><img loading=\"lazy\" decoding=\"async\" width=\"1024\" height=\"1024\" src=\"https:\/\/www.origenqi.es\/wp-content\/uploads\/2022\/12\/Seminario-de-Practicantes-Avanzados-1024x1024.png\" alt=\"\" class=\"wp-image-3275\" srcset=\"https:\/\/www.origenqi.es\/wp-content\/uploads\/2022\/12\/Seminario-de-Practicantes-Avanzados-1024x1024.png 1024w, https:\/\/www.origenqi.es\/wp-content\/uploads\/2022\/12\/Seminario-de-Practicantes-Avanzados-300x300.png 300w, https:\/\/www.origenqi.es\/wp-content\/uploads\/2022\/12\/Seminario-de-Practicantes-Avanzados-150x150.png 150w, https:\/\/www.origenqi.es\/wp-content\/uploads\/2022\/12\/Seminario-de-Practicantes-Avanzados-768x768.png 768w, https:\/\/www.origenqi.es\/wp-content\/uploads\/2022\/12\/Seminario-de-Practicantes-Avanzados-270x270.png 270w, https:\/\/www.origenqi.es\/wp-content\/uploads\/2022\/12\/Seminario-de-Practicantes-Avanzados-230x230.png 230w, https:\/\/www.origenqi.es\/wp-content\/uploads\/2022\/12\/Seminario-de-Practicantes-Avanzados.png 1080w\" sizes=\"auto, (max-width: 1024px) 100vw, 1024px\" \/><\/a><\/figure>\n\n\n\n<figure class=\"wp-block-image size-large\"><a href=\"https:\/\/www.origenqi.es\/?p=2969\"><img loading=\"lazy\" decoding=\"async\" width=\"1024\" height=\"1024\" src=\"https:\/\/www.origenqi.es\/wp-content\/uploads\/2025\/12\/202605-Retiro-en-Tailandia-1024x1024.png\" alt=\"\" class=\"wp-image-3260\" srcset=\"https:\/\/www.origenqi.es\/wp-content\/uploads\/2025\/12\/202605-Retiro-en-Tailandia-1024x1024.png 1024w, https:\/\/www.origenqi.es\/wp-content\/uploads\/2025\/12\/202605-Retiro-en-Tailandia-300x300.png 300w, https:\/\/www.origenqi.es\/wp-content\/uploads\/2025\/12\/202605-Retiro-en-Tailandia-150x150.png 150w, https:\/\/www.origenqi.es\/wp-content\/uploads\/2025\/12\/202605-Retiro-en-Tailandia-768x768.png 768w, https:\/\/www.origenqi.es\/wp-content\/uploads\/2025\/12\/202605-Retiro-en-Tailandia-270x270.png 270w, https:\/\/www.origenqi.es\/wp-content\/uploads\/2025\/12\/202605-Retiro-en-Tailandia-230x230.png 230w, https:\/\/www.origenqi.es\/wp-content\/uploads\/2025\/12\/202605-Retiro-en-Tailandia.png 1080w\" sizes=\"auto, (max-width: 1024px) 100vw, 1024px\" \/><\/a><\/figure>\n\n\n\n<figure class=\"wp-block-image size-large\"><a href=\"https:\/\/youtu.be\/xOL4OsgPB1g\"><img loading=\"lazy\" decoding=\"async\" width=\"1024\" height=\"1024\" src=\"https:\/\/www.origenqi.es\/wp-content\/uploads\/2026\/03\/20260320-Practica-de-equinoccio-1024x1024.png\" alt=\"\" class=\"wp-image-3253\" srcset=\"https:\/\/www.origenqi.es\/wp-content\/uploads\/2026\/03\/20260320-Practica-de-equinoccio-1024x1024.png 1024w, https:\/\/www.origenqi.es\/wp-content\/uploads\/2026\/03\/20260320-Practica-de-equinoccio-300x300.png 300w, https:\/\/www.origenqi.es\/wp-content\/uploads\/2026\/03\/20260320-Practica-de-equinoccio-150x150.png 150w, https:\/\/www.origenqi.es\/wp-content\/uploads\/2026\/03\/20260320-Practica-de-equinoccio-768x768.png 768w, https:\/\/www.origenqi.es\/wp-content\/uploads\/2026\/03\/20260320-Practica-de-equinoccio-270x270.png 270w, https:\/\/www.origenqi.es\/wp-content\/uploads\/2026\/03\/20260320-Practica-de-equinoccio-230x230.png 230w, https:\/\/www.origenqi.es\/wp-content\/uploads\/2026\/03\/20260320-Practica-de-equinoccio.png 1080w\" sizes=\"auto, (max-width: 1024px) 100vw, 1024px\" \/><\/a><\/figure>\n\n\n\n<figure class=\"wp-block-image size-large\"><a href=\"https:\/\/www.origenqi.es\/?p=2969\"><img loading=\"lazy\" decoding=\"async\" width=\"1024\" height=\"1024\" src=\"https:\/\/www.origenqi.es\/wp-content\/uploads\/2026\/02\/20260225-Retiro-en-Tailandia-1024x1024.png\" alt=\"\" class=\"wp-image-3222\" srcset=\"https:\/\/www.origenqi.es\/wp-content\/uploads\/2026\/02\/20260225-Retiro-en-Tailandia-1024x1024.png 1024w, https:\/\/www.origenqi.es\/wp-content\/uploads\/2026\/02\/20260225-Retiro-en-Tailandia-300x300.png 300w, https:\/\/www.origenqi.es\/wp-content\/uploads\/2026\/02\/20260225-Retiro-en-Tailandia-150x150.png 150w, https:\/\/www.origenqi.es\/wp-content\/uploads\/2026\/02\/20260225-Retiro-en-Tailandia-768x768.png 768w, https:\/\/www.origenqi.es\/wp-content\/uploads\/2026\/02\/20260225-Retiro-en-Tailandia-270x270.png 270w, https:\/\/www.origenqi.es\/wp-content\/uploads\/2026\/02\/20260225-Retiro-en-Tailandia-230x230.png 230w, https:\/\/www.origenqi.es\/wp-content\/uploads\/2026\/02\/20260225-Retiro-en-Tailandia.png 1080w\" sizes=\"auto, (max-width: 1024px) 100vw, 1024px\" \/><\/a><\/figure>\n\n\n\n<figure class=\"wp-block-image size-large\"><a href=\"https:\/\/www.origenqi.es\/?p=3166\"><img loading=\"lazy\" decoding=\"async\" width=\"1024\" height=\"1024\" src=\"https:\/\/www.origenqi.es\/wp-content\/uploads\/2026\/02\/20260225-Entrenamiento-de-vision-1024x1024.png\" alt=\"\" class=\"wp-image-3226\" srcset=\"https:\/\/www.origenqi.es\/wp-content\/uploads\/2026\/02\/20260225-Entrenamiento-de-vision-1024x1024.png 1024w, https:\/\/www.origenqi.es\/wp-content\/uploads\/2026\/02\/20260225-Entrenamiento-de-vision-300x300.png 300w, https:\/\/www.origenqi.es\/wp-content\/uploads\/2026\/02\/20260225-Entrenamiento-de-vision-150x150.png 150w, https:\/\/www.origenqi.es\/wp-content\/uploads\/2026\/02\/20260225-Entrenamiento-de-vision-768x768.png 768w, https:\/\/www.origenqi.es\/wp-content\/uploads\/2026\/02\/20260225-Entrenamiento-de-vision-270x270.png 270w, https:\/\/www.origenqi.es\/wp-content\/uploads\/2026\/02\/20260225-Entrenamiento-de-vision-230x230.png 230w, https:\/\/www.origenqi.es\/wp-content\/uploads\/2026\/02\/20260225-Entrenamiento-de-vision.png 1080w\" sizes=\"auto, (max-width: 1024px) 100vw, 1024px\" \/><\/a><\/figure>\n\n\n\n<figure class=\"wp-block-image size-large\"><a href=\"https:\/\/www.origenqi.es\/?p=3099\"><img loading=\"lazy\" decoding=\"async\" width=\"1024\" height=\"1024\" src=\"https:\/\/www.origenqi.es\/wp-content\/uploads\/2026\/01\/20260110-Teacher-Training-1-1024x1024.png\" alt=\"\" class=\"wp-image-3071\" srcset=\"https:\/\/www.origenqi.es\/wp-content\/uploads\/2026\/01\/20260110-Teacher-Training-1-1024x1024.png 1024w, https:\/\/www.origenqi.es\/wp-content\/uploads\/2026\/01\/20260110-Teacher-Training-1-300x300.png 300w, https:\/\/www.origenqi.es\/wp-content\/uploads\/2026\/01\/20260110-Teacher-Training-1-150x150.png 150w, https:\/\/www.origenqi.es\/wp-content\/uploads\/2026\/01\/20260110-Teacher-Training-1-768x768.png 768w, https:\/\/www.origenqi.es\/wp-content\/uploads\/2026\/01\/20260110-Teacher-Training-1-270x270.png 270w, https:\/\/www.origenqi.es\/wp-content\/uploads\/2026\/01\/20260110-Teacher-Training-1-230x230.png 230w, https:\/\/www.origenqi.es\/wp-content\/uploads\/2026\/01\/20260110-Teacher-Training-1.png 1080w\" sizes=\"auto, (max-width: 1024px) 100vw, 1024px\" \/><\/a><\/figure>\n\n\n\n<p><\/p>\n","protected":false},"excerpt":{"rendered":"<p>Os damos la m\u00e1s cordial bienvenida a Origen Qi, el proyecto de ense\u00f1anza de Zhineng Qigong que naci\u00f3 en la bella ciudad de Barcelona. Las ense\u00f1anzas que impartimos provienen directamente del origen de Zhineng Qigong. Hemos recibido las ense\u00f1anzas de<\/p>\n","protected":false},"author":2,"featured_media":0,"parent":0,"menu_order":0,"comment_status":"closed","ping_status":"closed","template":"","meta":{"footnotes":""},"class_list":["post-15","page","type-page","status-publish","hentry"],"yoast_head":"<!-- This site is optimized with the Yoast SEO plugin v27.4 - https:\/\/yoast.com\/product\/yoast-seo-wordpress\/ -->\n<title>Bienvenida - Origen Qi - Zhineng Qigong<\/title>\n<meta name=\"robots\" content=\"index, follow, max-snippet:-1, max-image-preview:large, max-video-preview:-1\" \/>\n<link rel=\"canonical\" href=\"https:\/\/www.origenqi.es\/\" \/>\n<meta property=\"og:locale\" content=\"en_GB\" \/>\n<meta property=\"og:type\" content=\"article\" \/>\n<meta property=\"og:title\" content=\"Bienvenida - Origen Qi - Zhineng Qigong\" \/>\n<meta property=\"og:description\" content=\"Os damos la m\u00e1s cordial bienvenida a Origen Qi, el proyecto de ense\u00f1anza de Zhineng Qigong que naci\u00f3 en la bella ciudad de Barcelona. Las ense\u00f1anzas que impartimos provienen directamente del origen de Zhineng Qigong. Hemos recibido las ense\u00f1anzas de\" \/>\n<meta property=\"og:url\" content=\"https:\/\/www.origenqi.es\/\" \/>\n<meta property=\"og:site_name\" content=\"Origen Qi - Zhineng Qigong\" \/>\n<meta property=\"article:publisher\" content=\"https:\/\/www.facebook.com\/mariexinlan\" \/>\n<meta property=\"article:modified_time\" content=\"2026-04-20T20:22:19+00:00\" \/>\n<meta property=\"og:image\" content=\"https:\/\/www.origenqi.es\/wp-content\/uploads\/2026\/04\/2026061314-Primer-Nivel.png\" \/>\n\t<meta property=\"og:image:width\" content=\"1080\" \/>\n\t<meta property=\"og:image:height\" content=\"1080\" \/>\n\t<meta property=\"og:image:type\" content=\"image\/png\" \/>\n<meta name=\"twitter:card\" content=\"summary_large_image\" \/>\n<meta name=\"twitter:label1\" content=\"Estimated reading time\" \/>\n\t<meta name=\"twitter:data1\" content=\"3 minutes\" \/>\n<script type=\"application\/ld+json\" class=\"yoast-schema-graph\">{\"@context\":\"https:\\\/\\\/schema.org\",\"@graph\":[{\"@type\":\"WebPage\",\"@id\":\"https:\\\/\\\/www.origenqi.es\\\/\",\"url\":\"https:\\\/\\\/www.origenqi.es\\\/\",\"name\":\"Bienvenida - Origen Qi - Zhineng Qigong\",\"isPartOf\":{\"@id\":\"https:\\\/\\\/www.origenqi.es\\\/#website\"},\"primaryImageOfPage\":{\"@id\":\"https:\\\/\\\/www.origenqi.es\\\/#primaryimage\"},\"image\":{\"@id\":\"https:\\\/\\\/www.origenqi.es\\\/#primaryimage\"},\"thumbnailUrl\":\"https:\\\/\\\/www.origenqi.es\\\/wp-content\\\/uploads\\\/2026\\\/04\\\/2026061314-Primer-Nivel-1024x1024.png\",\"datePublished\":\"2020-02-19T12:51:17+00:00\",\"dateModified\":\"2026-04-20T20:22:19+00:00\",\"breadcrumb\":{\"@id\":\"https:\\\/\\\/www.origenqi.es\\\/#breadcrumb\"},\"inLanguage\":\"en-GB\",\"potentialAction\":[{\"@type\":\"ReadAction\",\"target\":[\"https:\\\/\\\/www.origenqi.es\\\/\"]}]},{\"@type\":\"ImageObject\",\"inLanguage\":\"en-GB\",\"@id\":\"https:\\\/\\\/www.origenqi.es\\\/#primaryimage\",\"url\":\"https:\\\/\\\/www.origenqi.es\\\/wp-content\\\/uploads\\\/2026\\\/04\\\/2026061314-Primer-Nivel.png\",\"contentUrl\":\"https:\\\/\\\/www.origenqi.es\\\/wp-content\\\/uploads\\\/2026\\\/04\\\/2026061314-Primer-Nivel.png\",\"width\":1080,\"height\":1080},{\"@type\":\"BreadcrumbList\",\"@id\":\"https:\\\/\\\/www.origenqi.es\\\/#breadcrumb\",\"itemListElement\":[{\"@type\":\"ListItem\",\"position\":1,\"name\":\"Home\",\"item\":\"https:\\\/\\\/www.origenqi.es\\\/\"},{\"@type\":\"ListItem\",\"position\":2,\"name\":\"Bienvenida\"}]},{\"@type\":\"WebSite\",\"@id\":\"https:\\\/\\\/www.origenqi.es\\\/#website\",\"url\":\"https:\\\/\\\/www.origenqi.es\\\/\",\"name\":\"Origen Qi - Zhineng Qigong\",\"description\":\"El Qigong de las habilidades extraordinarias\",\"publisher\":{\"@id\":\"https:\\\/\\\/www.origenqi.es\\\/#organization\"},\"potentialAction\":[{\"@type\":\"SearchAction\",\"target\":{\"@type\":\"EntryPoint\",\"urlTemplate\":\"https:\\\/\\\/www.origenqi.es\\\/?s={search_term_string}\"},\"query-input\":{\"@type\":\"PropertyValueSpecification\",\"valueRequired\":true,\"valueName\":\"search_term_string\"}}],\"inLanguage\":\"en-GB\"},{\"@type\":\"Organization\",\"@id\":\"https:\\\/\\\/www.origenqi.es\\\/#organization\",\"name\":\"Origen Qi - Zhineng Qigong\",\"url\":\"https:\\\/\\\/www.origenqi.es\\\/\",\"logo\":{\"@type\":\"ImageObject\",\"inLanguage\":\"en-GB\",\"@id\":\"https:\\\/\\\/www.origenqi.es\\\/#\\\/schema\\\/logo\\\/image\\\/\",\"url\":\"https:\\\/\\\/www.origenqi.es\\\/wp-content\\\/uploads\\\/2020\\\/02\\\/spacious.png\",\"contentUrl\":\"https:\\\/\\\/www.origenqi.es\\\/wp-content\\\/uploads\\\/2020\\\/02\\\/spacious.png\",\"width\":100,\"height\":100,\"caption\":\"Origen Qi - Zhineng Qigong\"},\"image\":{\"@id\":\"https:\\\/\\\/www.origenqi.es\\\/#\\\/schema\\\/logo\\\/image\\\/\"},\"sameAs\":[\"https:\\\/\\\/www.facebook.com\\\/mariexinlan\"]}]}<\/script>\n<!-- \/ Yoast SEO plugin. -->","yoast_head_json":{"title":"Bienvenida - Origen Qi - Zhineng Qigong","robots":{"index":"index","follow":"follow","max-snippet":"max-snippet:-1","max-image-preview":"max-image-preview:large","max-video-preview":"max-video-preview:-1"},"canonical":"https:\/\/www.origenqi.es\/","og_locale":"en_GB","og_type":"article","og_title":"Bienvenida - Origen Qi - Zhineng Qigong","og_description":"Os damos la m\u00e1s cordial bienvenida a Origen Qi, el proyecto de ense\u00f1anza de Zhineng Qigong que naci\u00f3 en la bella ciudad de Barcelona. Las ense\u00f1anzas que impartimos provienen directamente del origen de Zhineng Qigong. Hemos recibido las ense\u00f1anzas de","og_url":"https:\/\/www.origenqi.es\/","og_site_name":"Origen Qi - Zhineng Qigong","article_publisher":"https:\/\/www.facebook.com\/mariexinlan","article_modified_time":"2026-04-20T20:22:19+00:00","og_image":[{"width":1080,"height":1080,"url":"https:\/\/www.origenqi.es\/wp-content\/uploads\/2026\/04\/2026061314-Primer-Nivel.png","type":"image\/png"}],"twitter_card":"summary_large_image","twitter_misc":{"Estimated reading time":"3 minutes"},"schema":{"@context":"https:\/\/schema.org","@graph":[{"@type":"WebPage","@id":"https:\/\/www.origenqi.es\/","url":"https:\/\/www.origenqi.es\/","name":"Bienvenida - Origen Qi - Zhineng Qigong","isPartOf":{"@id":"https:\/\/www.origenqi.es\/#website"},"primaryImageOfPage":{"@id":"https:\/\/www.origenqi.es\/#primaryimage"},"image":{"@id":"https:\/\/www.origenqi.es\/#primaryimage"},"thumbnailUrl":"https:\/\/www.origenqi.es\/wp-content\/uploads\/2026\/04\/2026061314-Primer-Nivel-1024x1024.png","datePublished":"2020-02-19T12:51:17+00:00","dateModified":"2026-04-20T20:22:19+00:00","breadcrumb":{"@id":"https:\/\/www.origenqi.es\/#breadcrumb"},"inLanguage":"en-GB","potentialAction":[{"@type":"ReadAction","target":["https:\/\/www.origenqi.es\/"]}]},{"@type":"ImageObject","inLanguage":"en-GB","@id":"https:\/\/www.origenqi.es\/#primaryimage","url":"https:\/\/www.origenqi.es\/wp-content\/uploads\/2026\/04\/2026061314-Primer-Nivel.png","contentUrl":"https:\/\/www.origenqi.es\/wp-content\/uploads\/2026\/04\/2026061314-Primer-Nivel.png","width":1080,"height":1080},{"@type":"BreadcrumbList","@id":"https:\/\/www.origenqi.es\/#breadcrumb","itemListElement":[{"@type":"ListItem","position":1,"name":"Home","item":"https:\/\/www.origenqi.es\/"},{"@type":"ListItem","position":2,"name":"Bienvenida"}]},{"@type":"WebSite","@id":"https:\/\/www.origenqi.es\/#website","url":"https:\/\/www.origenqi.es\/","name":"Origen Qi - Zhineng Qigong","description":"El Qigong de las habilidades extraordinarias","publisher":{"@id":"https:\/\/www.origenqi.es\/#organization"},"potentialAction":[{"@type":"SearchAction","target":{"@type":"EntryPoint","urlTemplate":"https:\/\/www.origenqi.es\/?s={search_term_string}"},"query-input":{"@type":"PropertyValueSpecification","valueRequired":true,"valueName":"search_term_string"}}],"inLanguage":"en-GB"},{"@type":"Organization","@id":"https:\/\/www.origenqi.es\/#organization","name":"Origen Qi - Zhineng Qigong","url":"https:\/\/www.origenqi.es\/","logo":{"@type":"ImageObject","inLanguage":"en-GB","@id":"https:\/\/www.origenqi.es\/#\/schema\/logo\/image\/","url":"https:\/\/www.origenqi.es\/wp-content\/uploads\/2020\/02\/spacious.png","contentUrl":"https:\/\/www.origenqi.es\/wp-content\/uploads\/2020\/02\/spacious.png","width":100,"height":100,"caption":"Origen Qi - Zhineng Qigong"},"image":{"@id":"https:\/\/www.origenqi.es\/#\/schema\/logo\/image\/"},"sameAs":["https:\/\/www.facebook.com\/mariexinlan"]}]}},"_links":{"self":[{"href":"https:\/\/www.origenqi.es\/index.php?rest_route=\/wp\/v2\/pages\/15","targetHints":{"allow":["GET"]}}],"collection":[{"href":"https:\/\/www.origenqi.es\/index.php?rest_route=\/wp\/v2\/pages"}],"about":[{"href":"https:\/\/www.origenqi.es\/index.php?rest_route=\/wp\/v2\/types\/page"}],"author":[{"embeddable":true,"href":"https:\/\/www.origenqi.es\/index.php?rest_route=\/wp\/v2\/users\/2"}],"replies":[{"embeddable":true,"href":"https:\/\/www.origenqi.es\/index.php?rest_route=%2Fwp%2Fv2%2Fcomments&post=15"}],"version-history":[{"count":286,"href":"https:\/\/www.origenqi.es\/index.php?rest_route=\/wp\/v2\/pages\/15\/revisions"}],"predecessor-version":[{"id":3283,"href":"https:\/\/www.origenqi.es\/index.php?rest_route=\/wp\/v2\/pages\/15\/revisions\/3283"}],"wp:attachment":[{"href":"https:\/\/www.origenqi.es\/index.php?rest_route=%2Fwp%2Fv2%2Fmedia&parent=15"}],"curies":[{"name":"wp","href":"https:\/\/api.w.org\/{rel}","templated":true}]}}