{"id":18,"date":"2020-02-19T13:54:12","date_gmt":"2020-02-19T12:54:12","guid":{"rendered":"https:\/\/www.origenqi.es\/?page_id=18"},"modified":"2025-09-24T11:53:39","modified_gmt":"2025-09-24T10:53:39","slug":"zhinengqigong","status":"publish","type":"page","link":"https:\/\/www.origenqi.es\/?page_id=18","title":{"rendered":"Zhineng Qigong"},"content":{"rendered":"\n<p>Qigong es un sistema de m\u00e9todos tradicional chino para curar enfermedades, mantener buena salud y aumentar el tiempo de vida. Qigong est\u00e1 directamente relacionado con la Medicina Tradicional China (TCM por sus siglas en Ingl\u00e9s). En la pr\u00e1ctica de Qigong se manipula el Q\u00ec. El Qi es un concepto que incorpora masa, energ\u00eda e informaci\u00f3n. Las personas en China ya practicaban Qigong desde tiempos ancestrales y algunos de ellos desarrollaron habilidades especiales para \u201cver\u201d los \u00f3rganos internos, los puntos de acupuntura, los meridianos y el movimiento del Qi en el cuerpo. Poco a poco se dieron cuenta de las reglas de la vida y la relaci\u00f3n que existe entre los seres humanos y la naturaleza, as\u00ed que se crearon las teor\u00edas del YinYang, entre otras.<\/p>\n\n\n\n<p>En el pasado, s\u00f3lo un peque\u00f1o n\u00famero de personas que ten\u00edan buena condici\u00f3n de salud pod\u00edan practicar Qigong. Estas personas desarrollaron sabidur\u00eda y habilidades especiales y, de manera natural, se convirtieron en l\u00edderes de alto nivel. Tambi\u00e9n fueron fundadores de la gran cultura china.<\/p>\n\n\n\n<p>Desde 1970, m\u00e1s y m\u00e1s gente en China quiso encontrar el tesoro de fortalecer el cuerpo y curar enfermedades a la vez de mejorar sus condiciones de vida. Zhineng Qigong fue fundado justo en este momento de la historia.<\/p>\n\n\n\n<p>Zhi significa sabidur\u00eda e inteligencia.&nbsp;Neng&nbsp;significa habilidades amplificadas. Zhineng Qigong es el tipo de Qigong que desarrolla la inteligencia y fortalece las habilidades innatas.&nbsp;Zhineng&nbsp;resume todos los extraordinarios efectos de Qigong \u2013 fortalece el cuerpo, prolonga el tiempo de vida, previene y cura enfermedades, desarrolla altos niveles de capacidad mental y mucho m\u00e1s efectos.<\/p>\n\n\n\n<p>Zhineng Qigong tiene un sistema especial que comprende teor\u00eda y m\u00e9todos sistem\u00e1ticos. Re\u00fane muchas de las mejores ideas del Confusionismo, Tao\u00edsmo, Budismo, Artes Marciales y Qigong tradicional, y adem\u00e1s absorbe los logros de la ciencia moderna, medicina y filosof\u00eda. Es conciso, racionalizado, seguro y f\u00e1cil de aprender.<\/p>\n\n\n\n<p>Zhineng Qigong puede curar no s\u00f3lo enfermedades postnatales, sino tambi\u00e9n enfermedades cong\u00e9nitas y hereditarias. Con la pr\u00e1ctica de Zhineng Qigong se pueden curar no s\u00f3lo enfermedades del cuerpo, sino tambi\u00e9n trastornos mentales y emocionales. A trav\u00e9s de la pr\u00e1ctica, una persona puede recobrar las funciones de m\u00fasculos lastimados, huesos y \u00f3rganos internos. Adem\u00e1s, Zhineng Qigong tiene una habilidad particular de transformar las c\u00e9lulas del cuerpo para eliminar c\u00e9lulas indeseables como cancer y tumores, e incluso regenerar nuevas c\u00e9lulas sanas.<\/p>\n\n\n\n<p>Hasta la fecha, Zhineng Qigong ha tenido un muy buen efecto en m\u00e1s de 210 enfermedades. La mayor\u00eda de los pacientes con estas enfermedades hab\u00edan sido desahuciados por la medicina occidental y la medicina tradicional china. Sin embargo tuvieron excelentes resultados a trav\u00e9s de su pr\u00e1ctica personal de Zhineng Qigong y de que un maestro de Zhineng Qigong les enviara Qi.<\/p>\n\n\n\n<p>Existen aproximadamente 4 millones de personas en el mundo que han recibido instrucci\u00f3n formal. En 1988, Zhineng Qigong fue reconocido por el Gobierno de China como el tipo de Qigong m\u00e1s efectivo y se acord\u00f3 que deber\u00eda compartirse con el mundo.<\/p>\n\n\n\n<figure class=\"wp-block-embed is-type-video is-provider-youtube wp-block-embed-youtube wp-embed-aspect-16-9 wp-has-aspect-ratio\"><div class=\"wp-block-embed__wrapper\">\n<iframe loading=\"lazy\" title=\"\u00bfQu\u00e9 es Zhineng Qigong? En palabras de Dr. Pang Ming\" width=\"750\" height=\"422\" src=\"https:\/\/www.youtube.com\/embed\/J4NiTzUI9VI?feature=oembed\" frameborder=\"0\" allow=\"accelerometer; autoplay; clipboard-write; encrypted-media; gyroscope; picture-in-picture; web-share\" referrerpolicy=\"strict-origin-when-cross-origin\" allowfullscreen><\/iframe>\n<\/div><\/figure>\n","protected":false},"excerpt":{"rendered":"<p>Qigong es un sistema de m\u00e9todos tradicional chino para curar enfermedades, mantener buena salud y aumentar el tiempo de vida. Qigong est\u00e1 directamente relacionado con la Medicina Tradicional China (TCM por sus siglas en Ingl\u00e9s). En la pr\u00e1ctica de Qigong<\/p>\n","protected":false},"author":2,"featured_media":0,"parent":0,"menu_order":0,"comment_status":"closed","ping_status":"closed","template":"","meta":{"footnotes":""},"class_list":["post-18","page","type-page","status-publish","hentry"],"yoast_head":"<!-- This site is optimized with the Yoast SEO plugin v27.4 - https:\/\/yoast.com\/product\/yoast-seo-wordpress\/ -->\n<title>Zhineng Qigong - Origen Qi - Zhineng Qigong<\/title>\n<meta name=\"robots\" content=\"index, follow, max-snippet:-1, max-image-preview:large, max-video-preview:-1\" \/>\n<link rel=\"canonical\" href=\"https:\/\/www.origenqi.es\/?page_id=18\" \/>\n<meta property=\"og:locale\" content=\"en_GB\" \/>\n<meta property=\"og:type\" content=\"article\" \/>\n<meta property=\"og:title\" content=\"Zhineng Qigong - Origen Qi - Zhineng Qigong\" \/>\n<meta property=\"og:description\" content=\"Qigong es un sistema de m\u00e9todos tradicional chino para curar enfermedades, mantener buena salud y aumentar el tiempo de vida. Qigong est\u00e1 directamente relacionado con la Medicina Tradicional China (TCM por sus siglas en Ingl\u00e9s). En la pr\u00e1ctica de Qigong\" \/>\n<meta property=\"og:url\" content=\"https:\/\/www.origenqi.es\/?page_id=18\" \/>\n<meta property=\"og:site_name\" content=\"Origen Qi - Zhineng Qigong\" \/>\n<meta property=\"article:publisher\" content=\"https:\/\/www.facebook.com\/mariexinlan\" \/>\n<meta property=\"article:modified_time\" content=\"2025-09-24T10:53:39+00:00\" \/>\n<meta name=\"twitter:card\" content=\"summary_large_image\" \/>\n<meta name=\"twitter:label1\" content=\"Estimated reading time\" \/>\n\t<meta name=\"twitter:data1\" content=\"3 minutes\" \/>\n<script type=\"application\/ld+json\" class=\"yoast-schema-graph\">{\"@context\":\"https:\\\/\\\/schema.org\",\"@graph\":[{\"@type\":\"WebPage\",\"@id\":\"https:\\\/\\\/www.origenqi.es\\\/?page_id=18\",\"url\":\"https:\\\/\\\/www.origenqi.es\\\/?page_id=18\",\"name\":\"Zhineng Qigong - Origen Qi - Zhineng Qigong\",\"isPartOf\":{\"@id\":\"https:\\\/\\\/www.origenqi.es\\\/#website\"},\"datePublished\":\"2020-02-19T12:54:12+00:00\",\"dateModified\":\"2025-09-24T10:53:39+00:00\",\"breadcrumb\":{\"@id\":\"https:\\\/\\\/www.origenqi.es\\\/?page_id=18#breadcrumb\"},\"inLanguage\":\"en-GB\",\"potentialAction\":[{\"@type\":\"ReadAction\",\"target\":[\"https:\\\/\\\/www.origenqi.es\\\/?page_id=18\"]}]},{\"@type\":\"BreadcrumbList\",\"@id\":\"https:\\\/\\\/www.origenqi.es\\\/?page_id=18#breadcrumb\",\"itemListElement\":[{\"@type\":\"ListItem\",\"position\":1,\"name\":\"Home\",\"item\":\"https:\\\/\\\/www.origenqi.es\\\/\"},{\"@type\":\"ListItem\",\"position\":2,\"name\":\"Zhineng Qigong\"}]},{\"@type\":\"WebSite\",\"@id\":\"https:\\\/\\\/www.origenqi.es\\\/#website\",\"url\":\"https:\\\/\\\/www.origenqi.es\\\/\",\"name\":\"Origen Qi - Zhineng Qigong\",\"description\":\"El Qigong de las habilidades extraordinarias\",\"publisher\":{\"@id\":\"https:\\\/\\\/www.origenqi.es\\\/#organization\"},\"potentialAction\":[{\"@type\":\"SearchAction\",\"target\":{\"@type\":\"EntryPoint\",\"urlTemplate\":\"https:\\\/\\\/www.origenqi.es\\\/?s={search_term_string}\"},\"query-input\":{\"@type\":\"PropertyValueSpecification\",\"valueRequired\":true,\"valueName\":\"search_term_string\"}}],\"inLanguage\":\"en-GB\"},{\"@type\":\"Organization\",\"@id\":\"https:\\\/\\\/www.origenqi.es\\\/#organization\",\"name\":\"Origen Qi - Zhineng Qigong\",\"url\":\"https:\\\/\\\/www.origenqi.es\\\/\",\"logo\":{\"@type\":\"ImageObject\",\"inLanguage\":\"en-GB\",\"@id\":\"https:\\\/\\\/www.origenqi.es\\\/#\\\/schema\\\/logo\\\/image\\\/\",\"url\":\"https:\\\/\\\/www.origenqi.es\\\/wp-content\\\/uploads\\\/2020\\\/02\\\/spacious.png\",\"contentUrl\":\"https:\\\/\\\/www.origenqi.es\\\/wp-content\\\/uploads\\\/2020\\\/02\\\/spacious.png\",\"width\":100,\"height\":100,\"caption\":\"Origen Qi - Zhineng Qigong\"},\"image\":{\"@id\":\"https:\\\/\\\/www.origenqi.es\\\/#\\\/schema\\\/logo\\\/image\\\/\"},\"sameAs\":[\"https:\\\/\\\/www.facebook.com\\\/mariexinlan\"]}]}<\/script>\n<!-- \/ Yoast SEO plugin. -->","yoast_head_json":{"title":"Zhineng Qigong - Origen Qi - Zhineng Qigong","robots":{"index":"index","follow":"follow","max-snippet":"max-snippet:-1","max-image-preview":"max-image-preview:large","max-video-preview":"max-video-preview:-1"},"canonical":"https:\/\/www.origenqi.es\/?page_id=18","og_locale":"en_GB","og_type":"article","og_title":"Zhineng Qigong - Origen Qi - Zhineng Qigong","og_description":"Qigong es un sistema de m\u00e9todos tradicional chino para curar enfermedades, mantener buena salud y aumentar el tiempo de vida. Qigong est\u00e1 directamente relacionado con la Medicina Tradicional China (TCM por sus siglas en Ingl\u00e9s). En la pr\u00e1ctica de Qigong","og_url":"https:\/\/www.origenqi.es\/?page_id=18","og_site_name":"Origen Qi - Zhineng Qigong","article_publisher":"https:\/\/www.facebook.com\/mariexinlan","article_modified_time":"2025-09-24T10:53:39+00:00","twitter_card":"summary_large_image","twitter_misc":{"Estimated reading time":"3 minutes"},"schema":{"@context":"https:\/\/schema.org","@graph":[{"@type":"WebPage","@id":"https:\/\/www.origenqi.es\/?page_id=18","url":"https:\/\/www.origenqi.es\/?page_id=18","name":"Zhineng Qigong - Origen Qi - Zhineng Qigong","isPartOf":{"@id":"https:\/\/www.origenqi.es\/#website"},"datePublished":"2020-02-19T12:54:12+00:00","dateModified":"2025-09-24T10:53:39+00:00","breadcrumb":{"@id":"https:\/\/www.origenqi.es\/?page_id=18#breadcrumb"},"inLanguage":"en-GB","potentialAction":[{"@type":"ReadAction","target":["https:\/\/www.origenqi.es\/?page_id=18"]}]},{"@type":"BreadcrumbList","@id":"https:\/\/www.origenqi.es\/?page_id=18#breadcrumb","itemListElement":[{"@type":"ListItem","position":1,"name":"Home","item":"https:\/\/www.origenqi.es\/"},{"@type":"ListItem","position":2,"name":"Zhineng Qigong"}]},{"@type":"WebSite","@id":"https:\/\/www.origenqi.es\/#website","url":"https:\/\/www.origenqi.es\/","name":"Origen Qi - Zhineng Qigong","description":"El Qigong de las habilidades extraordinarias","publisher":{"@id":"https:\/\/www.origenqi.es\/#organization"},"potentialAction":[{"@type":"SearchAction","target":{"@type":"EntryPoint","urlTemplate":"https:\/\/www.origenqi.es\/?s={search_term_string}"},"query-input":{"@type":"PropertyValueSpecification","valueRequired":true,"valueName":"search_term_string"}}],"inLanguage":"en-GB"},{"@type":"Organization","@id":"https:\/\/www.origenqi.es\/#organization","name":"Origen Qi - Zhineng Qigong","url":"https:\/\/www.origenqi.es\/","logo":{"@type":"ImageObject","inLanguage":"en-GB","@id":"https:\/\/www.origenqi.es\/#\/schema\/logo\/image\/","url":"https:\/\/www.origenqi.es\/wp-content\/uploads\/2020\/02\/spacious.png","contentUrl":"https:\/\/www.origenqi.es\/wp-content\/uploads\/2020\/02\/spacious.png","width":100,"height":100,"caption":"Origen Qi - Zhineng Qigong"},"image":{"@id":"https:\/\/www.origenqi.es\/#\/schema\/logo\/image\/"},"sameAs":["https:\/\/www.facebook.com\/mariexinlan"]}]}},"_links":{"self":[{"href":"https:\/\/www.origenqi.es\/index.php?rest_route=\/wp\/v2\/pages\/18","targetHints":{"allow":["GET"]}}],"collection":[{"href":"https:\/\/www.origenqi.es\/index.php?rest_route=\/wp\/v2\/pages"}],"about":[{"href":"https:\/\/www.origenqi.es\/index.php?rest_route=\/wp\/v2\/types\/page"}],"author":[{"embeddable":true,"href":"https:\/\/www.origenqi.es\/index.php?rest_route=\/wp\/v2\/users\/2"}],"replies":[{"embeddable":true,"href":"https:\/\/www.origenqi.es\/index.php?rest_route=%2Fwp%2Fv2%2Fcomments&post=18"}],"version-history":[{"count":6,"href":"https:\/\/www.origenqi.es\/index.php?rest_route=\/wp\/v2\/pages\/18\/revisions"}],"predecessor-version":[{"id":2835,"href":"https:\/\/www.origenqi.es\/index.php?rest_route=\/wp\/v2\/pages\/18\/revisions\/2835"}],"wp:attachment":[{"href":"https:\/\/www.origenqi.es\/index.php?rest_route=%2Fwp%2Fv2%2Fmedia&parent=18"}],"curies":[{"name":"wp","href":"https:\/\/api.w.org\/{rel}","templated":true}]}}