{"id":20,"date":"2020-02-19T13:55:22","date_gmt":"2020-02-19T12:55:22","guid":{"rendered":"https:\/\/www.origenqi.es\/?page_id=20"},"modified":"2024-09-19T11:10:29","modified_gmt":"2024-09-19T10:10:29","slug":"pangheming","status":"publish","type":"page","link":"https:\/\/www.origenqi.es\/?page_id=20","title":{"rendered":"Dr. Pang Ming"},"content":{"rendered":"\n<p>El <strong>Dr. Pang Ming<\/strong>&nbsp;[P\u00e1ngM\u00edng \u5e9e\u660e] es el fundador de Zhineng Qigong.&nbsp;Su nombre de nacimiento fue Pang He Ming&nbsp;[P\u00e1ngH\u00e8M\u00edng \u5e9e\u9e64\u9e23]. Pang&nbsp;[\u5e9e] significa muy grande en tama\u00f1o o enorme.&nbsp;He&nbsp;[\u9e64] significa grulla y&nbsp;Ming&nbsp;[\u9e23] es el sonido que una grulla hace cuando est\u00e1 levantando el vuelo. Su abuela le puso este nombre al nacer. El nombre&nbsp;Pang Ming&nbsp;[\u5e9e\u660e]&nbsp;se lo dio a s\u00ed mismo cuando se dio cuenta de su \u00e9xito en la pr\u00e1ctica de Qigong.&nbsp;Ming&nbsp;[\u660e] significa tan claro que puede ver todo en el universo tal como un espejo multidimensional que puede reflejar todo. Laoshi&nbsp;[L\u01ceoSh\u012b \u8001\u5e08] significa instructor.<\/p>\n\n\n\n<p>Pang Ming Laoshi naci\u00f3 en 1940 en Ding Xing que se encuentra en la provincia de He Bei en China. Durante su ni\u00f1ez fue influenciado y nutrido en las diferentes formas de Qigong, artes marciales y Medicina Tradicional China (TCM por sus siglas en ingl\u00e9s) y recibi\u00f3 much\u00edsima informaci\u00f3n de practicantes muy avanzados de generaciones mayores.<\/p>\n\n\n\n<p>En 1958 se gradu\u00f3 de la Escuela de Especialidades de Medicina en Beijing en Medicina Occidental y trabaj\u00f3 como m\u00e9dico en Beijing. Por estas fechas, \u00e9l empez\u00f3 a perfeccionar Artes Marciales y Qigong de 19 diferentes grandes Maestros. El <strong>Dr. Pang Ming<\/strong> recibi\u00f3 una instrucci\u00f3n de alto nivel de cada uno de estos Maestros que consisti\u00f3 en recibir informaci\u00f3n normalmente reservada para los herederos y portadores de esos linajes de Qigong. Al mismo tiempo, aprendi\u00f3 Medicina Tradicional China y lleg\u00f3 a ser un m\u00e9dico de gran fama y competencia.<\/p>\n\n\n\n<p>Al final sus a\u00f1os treinta, el <strong>Dr. Pang Ming<\/strong> fue seleccionado dentro de un grupo de sesenta y tres como el m\u00e9dico m\u00e1s joven para asistir a la primera conferencia de Medicina Occidental y Medicina Tradicional China que se llev\u00f3 a cabo en Beijing. A partir de entonces, \u00e9l asisti\u00f3 en m\u00faltiples ocasiones a estas reuniones de alto nivel.<\/p>\n\n\n\n<p>El <strong>Dr. Pang Ming<\/strong> practic\u00f3 Qigong y realiz\u00f3 una investigaci\u00f3n exhaustiva de diferentes disciplinas filos\u00f3ficas orientales y occidentales, de ciencia moderna y psicolog\u00eda. El <strong>Dr. Pang Ming<\/strong> us\u00f3 Qigong tradicional para tratar a sus pacientes y gradualmente desarroll\u00f3 m\u00e1s habilidades especiales para usar su mente exclusivamente para curar diferentes tipos de enfermedades.<\/p>\n\n\n\n<p>Un d\u00eda en el mes de Junio de 1976, mientras iba de camino a la casa de uno de sus pacientes, supo que era momento de abandonar su carrera como m\u00e9dico para trabajar exclusivamente en el campo del Qigong. A partir de este momento, el Dr. Pang Ming comenz\u00f3 a desarrollar la teor\u00eda del Hun Yuan Qi.<\/p>\n\n\n\n<p>En 1979, junto con otros practicantes e investigadores de Qigong, el <strong>Dr. Pang Ming<\/strong> form\u00f3 la Sociedad de Investigaci\u00f3n de Qigong en Beijing. En la primavera de 1981, Pang Ming present\u00f3 formalmente Zhineng Qigong al p\u00fablico. Desde entonces, \u00e9l se ha dedicado a ense\u00f1ar Zhineng Qigong en China y sus ense\u00f1anzas se han extendido a trav\u00e9s del mundo.<\/p>\n\n\n\n<p>En 1988, el <strong>Dr. Pang Ming<\/strong> fund\u00f3 la&nbsp;Universidad HeBei Zhineng Qigong&nbsp;en ShiJia Zhuang, el cual luego se traslad\u00f3 luego a QinHuang Dao y fue renombrado como&nbsp;Centro HuaXia de Entrenamiento en Zhineng Qigong. Mientras la poblaci\u00f3n de estudiantes crec\u00eda, el Dr. Pang Ming fund\u00f3 el&nbsp;Centro HuaXia de Sanaci\u00f3n Zhineng Qigong&nbsp;(mejor conocido s\u00f3lo como Centro HuaXia) en el centro de TangShan. El Centro HuaXia adquiri\u00f3 mucha fama por ser el \u00fanico hospital del mundo en el que los pacientes se curaron sin medicamentos. Cerca de 4 millones de personas recibieron el entrenamiento formal de Zhineng Qigong a trav\u00e9s de los diferentes programas que exist\u00edan en el centro.<\/p>\n\n\n\n<p>El <strong>Dr. Pang Ming<\/strong> ha escrito bastantes libros acerca de Zhineng Qigong y ha publicado tambi\u00e9n bastantes art\u00edculos cient\u00edficos. Todos ellos en el idioma chino. En el Centro HuaXia de Entrenamiento de Zhineng Qigong, el <strong>Dr. Pang Ming<\/strong> alberg\u00f3 seis conferencias nacionales de investigaci\u00f3n de Zhineng Qigong. Se sometieron un gran n\u00famero de art\u00edculos cient\u00edficos acerca de los efectos de Zhineng Qigong. Estos art\u00edculos proven\u00edan de investigadores cient\u00edficos en los campo de la medina, agricultura, industria, educaci\u00f3n, ciencias forestales y zoolog\u00eda. Todos estos art\u00edculos fueron revisados durante las conferencias.<\/p>\n\n\n\n<p>El <strong>Dr. Pang Ming<\/strong> es la primer persona que ha elevado el nivel de Qigong al nivel de Ciencia de Qigong. Adem\u00e1s, \u00e9l descubri\u00f3 y document\u00f3 las capacidades especiales y poderosas del campo de Qi.<\/p>\n\n\n\n<figure class=\"wp-block-embed is-type-video is-provider-youtube wp-block-embed-youtube wp-embed-aspect-16-9 wp-has-aspect-ratio\"><div class=\"wp-block-embed__wrapper\">\n<iframe loading=\"lazy\" title=\"Puedes practicar Q\u00ecG\u014dng en todas partes\" width=\"750\" height=\"422\" src=\"https:\/\/www.youtube.com\/embed\/z3d3Dp_534Y?feature=oembed\" frameborder=\"0\" allow=\"accelerometer; autoplay; clipboard-write; encrypted-media; gyroscope; picture-in-picture; web-share\" referrerpolicy=\"strict-origin-when-cross-origin\" allowfullscreen><\/iframe>\n<\/div><\/figure>\n","protected":false},"excerpt":{"rendered":"<p>El Dr. Pang Ming&nbsp;[P\u00e1ngM\u00edng \u5e9e\u660e] es el fundador de Zhineng Qigong.&nbsp;Su nombre de nacimiento fue Pang He Ming&nbsp;[P\u00e1ngH\u00e8M\u00edng \u5e9e\u9e64\u9e23]. Pang&nbsp;[\u5e9e] significa muy grande en tama\u00f1o o enorme.&nbsp;He&nbsp;[\u9e64] significa grulla y&nbsp;Ming&nbsp;[\u9e23] es el sonido que una grulla hace cuando est\u00e1 levantando<\/p>\n","protected":false},"author":2,"featured_media":0,"parent":0,"menu_order":0,"comment_status":"closed","ping_status":"closed","template":"","meta":{"footnotes":""},"class_list":["post-20","page","type-page","status-publish","hentry"],"yoast_head":"<!-- This site is optimized with the Yoast SEO plugin v27.4 - https:\/\/yoast.com\/product\/yoast-seo-wordpress\/ -->\n<title>Dr. Pang Ming - Origen Qi - Zhineng Qigong<\/title>\n<meta name=\"robots\" content=\"index, follow, max-snippet:-1, max-image-preview:large, max-video-preview:-1\" \/>\n<link rel=\"canonical\" href=\"https:\/\/www.origenqi.es\/?page_id=20\" \/>\n<meta property=\"og:locale\" content=\"en_GB\" \/>\n<meta property=\"og:type\" content=\"article\" \/>\n<meta property=\"og:title\" content=\"Dr. Pang Ming - Origen Qi - Zhineng Qigong\" \/>\n<meta property=\"og:description\" content=\"El Dr. Pang Ming&nbsp;[P\u00e1ngM\u00edng \u5e9e\u660e] es el fundador de Zhineng Qigong.&nbsp;Su nombre de nacimiento fue Pang He Ming&nbsp;[P\u00e1ngH\u00e8M\u00edng \u5e9e\u9e64\u9e23]. Pang&nbsp;[\u5e9e] significa muy grande en tama\u00f1o o enorme.&nbsp;He&nbsp;[\u9e64] significa grulla y&nbsp;Ming&nbsp;[\u9e23] es el sonido que una grulla hace cuando est\u00e1 levantando\" \/>\n<meta property=\"og:url\" content=\"https:\/\/www.origenqi.es\/?page_id=20\" \/>\n<meta property=\"og:site_name\" content=\"Origen Qi - Zhineng Qigong\" \/>\n<meta property=\"article:publisher\" content=\"https:\/\/www.facebook.com\/mariexinlan\" \/>\n<meta property=\"article:modified_time\" content=\"2024-09-19T10:10:29+00:00\" \/>\n<meta name=\"twitter:card\" content=\"summary_large_image\" \/>\n<meta name=\"twitter:label1\" content=\"Estimated reading time\" \/>\n\t<meta name=\"twitter:data1\" content=\"4 minutes\" \/>\n<script type=\"application\/ld+json\" class=\"yoast-schema-graph\">{\"@context\":\"https:\\\/\\\/schema.org\",\"@graph\":[{\"@type\":\"WebPage\",\"@id\":\"https:\\\/\\\/www.origenqi.es\\\/?page_id=20\",\"url\":\"https:\\\/\\\/www.origenqi.es\\\/?page_id=20\",\"name\":\"Dr. Pang Ming - Origen Qi - Zhineng Qigong\",\"isPartOf\":{\"@id\":\"https:\\\/\\\/www.origenqi.es\\\/#website\"},\"datePublished\":\"2020-02-19T12:55:22+00:00\",\"dateModified\":\"2024-09-19T10:10:29+00:00\",\"breadcrumb\":{\"@id\":\"https:\\\/\\\/www.origenqi.es\\\/?page_id=20#breadcrumb\"},\"inLanguage\":\"en-GB\",\"potentialAction\":[{\"@type\":\"ReadAction\",\"target\":[\"https:\\\/\\\/www.origenqi.es\\\/?page_id=20\"]}]},{\"@type\":\"BreadcrumbList\",\"@id\":\"https:\\\/\\\/www.origenqi.es\\\/?page_id=20#breadcrumb\",\"itemListElement\":[{\"@type\":\"ListItem\",\"position\":1,\"name\":\"Home\",\"item\":\"https:\\\/\\\/www.origenqi.es\\\/\"},{\"@type\":\"ListItem\",\"position\":2,\"name\":\"Dr. Pang Ming\"}]},{\"@type\":\"WebSite\",\"@id\":\"https:\\\/\\\/www.origenqi.es\\\/#website\",\"url\":\"https:\\\/\\\/www.origenqi.es\\\/\",\"name\":\"Origen Qi - Zhineng Qigong\",\"description\":\"El Qigong de las habilidades extraordinarias\",\"publisher\":{\"@id\":\"https:\\\/\\\/www.origenqi.es\\\/#organization\"},\"potentialAction\":[{\"@type\":\"SearchAction\",\"target\":{\"@type\":\"EntryPoint\",\"urlTemplate\":\"https:\\\/\\\/www.origenqi.es\\\/?s={search_term_string}\"},\"query-input\":{\"@type\":\"PropertyValueSpecification\",\"valueRequired\":true,\"valueName\":\"search_term_string\"}}],\"inLanguage\":\"en-GB\"},{\"@type\":\"Organization\",\"@id\":\"https:\\\/\\\/www.origenqi.es\\\/#organization\",\"name\":\"Origen Qi - Zhineng Qigong\",\"url\":\"https:\\\/\\\/www.origenqi.es\\\/\",\"logo\":{\"@type\":\"ImageObject\",\"inLanguage\":\"en-GB\",\"@id\":\"https:\\\/\\\/www.origenqi.es\\\/#\\\/schema\\\/logo\\\/image\\\/\",\"url\":\"https:\\\/\\\/www.origenqi.es\\\/wp-content\\\/uploads\\\/2020\\\/02\\\/spacious.png\",\"contentUrl\":\"https:\\\/\\\/www.origenqi.es\\\/wp-content\\\/uploads\\\/2020\\\/02\\\/spacious.png\",\"width\":100,\"height\":100,\"caption\":\"Origen Qi - Zhineng Qigong\"},\"image\":{\"@id\":\"https:\\\/\\\/www.origenqi.es\\\/#\\\/schema\\\/logo\\\/image\\\/\"},\"sameAs\":[\"https:\\\/\\\/www.facebook.com\\\/mariexinlan\"]}]}<\/script>\n<!-- \/ Yoast SEO plugin. -->","yoast_head_json":{"title":"Dr. Pang Ming - Origen Qi - Zhineng Qigong","robots":{"index":"index","follow":"follow","max-snippet":"max-snippet:-1","max-image-preview":"max-image-preview:large","max-video-preview":"max-video-preview:-1"},"canonical":"https:\/\/www.origenqi.es\/?page_id=20","og_locale":"en_GB","og_type":"article","og_title":"Dr. Pang Ming - Origen Qi - Zhineng Qigong","og_description":"El Dr. Pang Ming&nbsp;[P\u00e1ngM\u00edng \u5e9e\u660e] es el fundador de Zhineng Qigong.&nbsp;Su nombre de nacimiento fue Pang He Ming&nbsp;[P\u00e1ngH\u00e8M\u00edng \u5e9e\u9e64\u9e23]. Pang&nbsp;[\u5e9e] significa muy grande en tama\u00f1o o enorme.&nbsp;He&nbsp;[\u9e64] significa grulla y&nbsp;Ming&nbsp;[\u9e23] es el sonido que una grulla hace cuando est\u00e1 levantando","og_url":"https:\/\/www.origenqi.es\/?page_id=20","og_site_name":"Origen Qi - Zhineng Qigong","article_publisher":"https:\/\/www.facebook.com\/mariexinlan","article_modified_time":"2024-09-19T10:10:29+00:00","twitter_card":"summary_large_image","twitter_misc":{"Estimated reading time":"4 minutes"},"schema":{"@context":"https:\/\/schema.org","@graph":[{"@type":"WebPage","@id":"https:\/\/www.origenqi.es\/?page_id=20","url":"https:\/\/www.origenqi.es\/?page_id=20","name":"Dr. Pang Ming - Origen Qi - Zhineng Qigong","isPartOf":{"@id":"https:\/\/www.origenqi.es\/#website"},"datePublished":"2020-02-19T12:55:22+00:00","dateModified":"2024-09-19T10:10:29+00:00","breadcrumb":{"@id":"https:\/\/www.origenqi.es\/?page_id=20#breadcrumb"},"inLanguage":"en-GB","potentialAction":[{"@type":"ReadAction","target":["https:\/\/www.origenqi.es\/?page_id=20"]}]},{"@type":"BreadcrumbList","@id":"https:\/\/www.origenqi.es\/?page_id=20#breadcrumb","itemListElement":[{"@type":"ListItem","position":1,"name":"Home","item":"https:\/\/www.origenqi.es\/"},{"@type":"ListItem","position":2,"name":"Dr. Pang Ming"}]},{"@type":"WebSite","@id":"https:\/\/www.origenqi.es\/#website","url":"https:\/\/www.origenqi.es\/","name":"Origen Qi - Zhineng Qigong","description":"El Qigong de las habilidades extraordinarias","publisher":{"@id":"https:\/\/www.origenqi.es\/#organization"},"potentialAction":[{"@type":"SearchAction","target":{"@type":"EntryPoint","urlTemplate":"https:\/\/www.origenqi.es\/?s={search_term_string}"},"query-input":{"@type":"PropertyValueSpecification","valueRequired":true,"valueName":"search_term_string"}}],"inLanguage":"en-GB"},{"@type":"Organization","@id":"https:\/\/www.origenqi.es\/#organization","name":"Origen Qi - Zhineng Qigong","url":"https:\/\/www.origenqi.es\/","logo":{"@type":"ImageObject","inLanguage":"en-GB","@id":"https:\/\/www.origenqi.es\/#\/schema\/logo\/image\/","url":"https:\/\/www.origenqi.es\/wp-content\/uploads\/2020\/02\/spacious.png","contentUrl":"https:\/\/www.origenqi.es\/wp-content\/uploads\/2020\/02\/spacious.png","width":100,"height":100,"caption":"Origen Qi - Zhineng Qigong"},"image":{"@id":"https:\/\/www.origenqi.es\/#\/schema\/logo\/image\/"},"sameAs":["https:\/\/www.facebook.com\/mariexinlan"]}]}},"_links":{"self":[{"href":"https:\/\/www.origenqi.es\/index.php?rest_route=\/wp\/v2\/pages\/20","targetHints":{"allow":["GET"]}}],"collection":[{"href":"https:\/\/www.origenqi.es\/index.php?rest_route=\/wp\/v2\/pages"}],"about":[{"href":"https:\/\/www.origenqi.es\/index.php?rest_route=\/wp\/v2\/types\/page"}],"author":[{"embeddable":true,"href":"https:\/\/www.origenqi.es\/index.php?rest_route=\/wp\/v2\/users\/2"}],"replies":[{"embeddable":true,"href":"https:\/\/www.origenqi.es\/index.php?rest_route=%2Fwp%2Fv2%2Fcomments&post=20"}],"version-history":[{"count":12,"href":"https:\/\/www.origenqi.es\/index.php?rest_route=\/wp\/v2\/pages\/20\/revisions"}],"predecessor-version":[{"id":2256,"href":"https:\/\/www.origenqi.es\/index.php?rest_route=\/wp\/v2\/pages\/20\/revisions\/2256"}],"wp:attachment":[{"href":"https:\/\/www.origenqi.es\/index.php?rest_route=%2Fwp%2Fv2%2Fmedia&parent=20"}],"curies":[{"name":"wp","href":"https:\/\/api.w.org\/{rel}","templated":true}]}}