{"id":368,"date":"2020-09-10T00:25:57","date_gmt":"2020-09-09T23:25:57","guid":{"rendered":"https:\/\/www.origenqi.es\/?page_id=368"},"modified":"2025-10-06T17:30:33","modified_gmt":"2025-10-06T16:30:33","slug":"segundo-nivel","status":"publish","type":"page","link":"https:\/\/www.origenqi.es\/?page_id=368","title":{"rendered":"Segundo Nivel"},"content":{"rendered":"\n<figure class=\"wp-block-image size-full\"><img loading=\"lazy\" decoding=\"async\" width=\"1000\" height=\"1000\" src=\"https:\/\/www.origenqi.es\/wp-content\/uploads\/2025\/09\/2donivel.jpg\" alt=\"\" class=\"wp-image-2791\" srcset=\"https:\/\/www.origenqi.es\/wp-content\/uploads\/2025\/09\/2donivel.jpg 1000w, https:\/\/www.origenqi.es\/wp-content\/uploads\/2025\/09\/2donivel-300x300.jpg 300w, https:\/\/www.origenqi.es\/wp-content\/uploads\/2025\/09\/2donivel-150x150.jpg 150w, https:\/\/www.origenqi.es\/wp-content\/uploads\/2025\/09\/2donivel-768x768.jpg 768w, https:\/\/www.origenqi.es\/wp-content\/uploads\/2025\/09\/2donivel-270x270.jpg 270w, https:\/\/www.origenqi.es\/wp-content\/uploads\/2025\/09\/2donivel-230x230.jpg 230w\" sizes=\"auto, (max-width: 1000px) 100vw, 1000px\" \/><\/figure>\n\n\n\n<p class=\"has-medium-font-size\"><strong>Xing Shen Zhuang<\/strong> es el Segundo Nivel de Zhineng Qigong. <strong>Xing Shen Zhuang<\/strong> est\u00e1 dise\u00f1ado para combinar la mente con el cuerpo. Con la pr\u00e1ctica de \u00e9ste m\u00e9todo, el Qi entra muy profundamente. Con la pr\u00e1ctica de <strong>Xing Shen Zhuang<\/strong>, el nivel de salud y vitalidad incrementan de tal manera que es superior al de una persona normal.<\/p>\n\n\n\n<h2 class=\"wp-block-heading has-vivid-red-color has-text-color has-link-color wp-elements-04337269f36481d73fa962c489bec16b\"><strong>Temario<\/strong><\/h2>\n\n\n\n<p class=\"has-medium-font-size\">El m\u00e9todo del Segundo Nivel consiste en 10 partes las cuales se ense\u00f1ar\u00e1n en su totalidad.<\/p>\n\n\n\n<h2 class=\"wp-block-heading has-vivid-red-color has-text-color has-link-color wp-elements-f9fabd1d6a34df0a81f96a3e1cbb0f5a\"><strong>Fechas<\/strong><\/h2>\n\n\n\n<p class=\"has-medium-font-size\">16, 17, 18 y 19 de Octubre de 2025<\/p>\n\n\n\n<h2 class=\"wp-block-heading has-vivid-red-color has-text-color has-link-color wp-elements-491375b20388bbd5e3ddf877c56e5897\"><strong>Lugar<\/strong><\/h2>\n\n\n\n<p class=\"has-medium-font-size\"><strong>Torrelodones<\/strong><br>Madrid<\/p>\n\n\n\n<h2 class=\"wp-block-heading has-vivid-red-color has-text-color has-link-color wp-elements-42932b36ddf80db51547d540bc117f52\"><strong>Tarifa de ense\u00f1anza del Segundo Nivel<\/strong><\/h2>\n\n\n\n<p class=\"has-medium-font-size\">400 Euros<\/p>\n\n\n\n<h2 class=\"wp-block-heading\">CUPO LIMITADO<\/h2>\n\n\n\n<p class=\"has-vivid-cyan-blue-color has-text-color has-link-color has-medium-font-size wp-elements-6375d97d37784e3db56dafbc53e76720\"><strong>S\u00f3lo queda 1 plaza presencial<\/strong><\/p>\n\n\n\n<p class=\"has-luminous-vivid-orange-color has-text-color has-link-color has-large-font-size wp-elements-0d70b177a93f13e6dba80f637c5303af\"><strong>OPCION ONLINE<\/strong><\/p>\n\n\n\n<h2 class=\"wp-block-heading has-vivid-red-color has-text-color has-link-color wp-elements-9e5172953d1020e3bca4aba8919e66d9\"><strong>Inscripci\u00f3n<\/strong><\/h2>\n\n\n\n<ol class=\"wp-block-list\">\n<li class=\"has-medium-font-size\">Llenar el formulario de <a href=\"https:\/\/forms.gle\/VeZbTNbD59EgNjyY9\"><strong>inscripci\u00f3n<\/strong><\/a>.<\/li>\n\n\n\n<li class=\"has-medium-font-size\"><strong>Para reservar tu plaza, hacer dep\u00f3sito de \u20ac60 de paga y se\u00f1al a la cuenta que se te proporcionar\u00e1 (no reembolsable).<\/strong><\/li>\n\n\n\n<li class=\"has-medium-font-size\">Te confirmaremos el dep\u00f3sito y recibir\u00e1s indicaciones para la instrucci\u00f3n.<\/li>\n<\/ol>\n\n\n\n<p class=\"has-medium-font-size\">Enviar un email a&nbsp;<a href=\"mailto:hola@origenqi.es\">hola@origenqi.es<\/a>&nbsp;o un mensaje a&nbsp;<a href=\"https:\/\/wa.me\/34686729002\">WhatsApp al (+34) 686 729 002<\/a>&nbsp;para m\u00e1s informaci\u00f3n.<\/p>\n\n\n\n<h2 class=\"wp-block-heading has-vivid-red-color has-text-color\"><strong>Maestro Tao Qing Yu<\/strong><\/h2>\n\n\n\n<div class=\"wp-block-columns is-layout-flex wp-container-core-columns-is-layout-28f84493 wp-block-columns-is-layout-flex\">\n<div class=\"wp-block-column is-layout-flow wp-block-column-is-layout-flow\" style=\"flex-basis:33.33%\">\n<figure class=\"wp-block-image size-full\"><img loading=\"lazy\" decoding=\"async\" width=\"876\" height=\"876\" src=\"https:\/\/www.origenqi.es\/wp-content\/uploads\/2023\/09\/Teacher-Tao.png\" alt=\"\" class=\"wp-image-1486\" srcset=\"https:\/\/www.origenqi.es\/wp-content\/uploads\/2023\/09\/Teacher-Tao.png 876w, https:\/\/www.origenqi.es\/wp-content\/uploads\/2023\/09\/Teacher-Tao-300x300.png 300w, https:\/\/www.origenqi.es\/wp-content\/uploads\/2023\/09\/Teacher-Tao-150x150.png 150w, https:\/\/www.origenqi.es\/wp-content\/uploads\/2023\/09\/Teacher-Tao-768x768.png 768w, https:\/\/www.origenqi.es\/wp-content\/uploads\/2023\/09\/Teacher-Tao-270x270.png 270w, https:\/\/www.origenqi.es\/wp-content\/uploads\/2023\/09\/Teacher-Tao-230x230.png 230w\" sizes=\"auto, (max-width: 876px) 100vw, 876px\" \/><\/figure>\n<\/div>\n\n\n\n<div class=\"wp-block-column is-layout-flow wp-block-column-is-layout-flow\" style=\"flex-basis:66.66%\">\n<p>Mi nombre es Tao Qingyu. Nac\u00ed en la provincia de Jiang Xi, al sur de China. Desde mi infancia, me han interesado los Qigong tradicionales chinos y la cultura budista y tao\u00edsta. Crec\u00ed viendo a mi padre practicar Qigong y desde entonces me ha fascinado. Primero aprend\u00ed acupuntura, tai chi y algunas otras formas de Qigong para ayudar a resolver mis problemas de salud y los de otras personas. Siempre sent\u00ed que estas pr\u00e1cticas no estaban completas.<\/p>\n\n\n\n<p>Comenc\u00e9 a practicar el Zhineng Qigong en 1993. A trav\u00e9s de mi pr\u00e1ctica llegu\u00e9 a amarlo y respetarlo profundamente. En mi opini\u00f3n, el Zhineng Qigong es un m\u00e9todo asombroso para generar beneficio para uno mismo y para los dem\u00e1s. En 1996 fui al centro de formaci\u00f3n de Huaxia Zhineng Qigong y un a\u00f1o despu\u00e9s comenc\u00e9 la clase de formaci\u00f3n de profesores de dos a\u00f1os. Despu\u00e9s de graduarme, trabaj\u00e9 en el centro de curaci\u00f3n de Huaxia durante un a\u00f1o.<\/p>\n\n\n\n<p>Desde que dej\u00e9 el centro de Qigong de Huaxia a finales de 1999, he viajado por China, Hong Kong, Europa, Oriente Medio y Am\u00e9rica del Norte para ense\u00f1ar Zhineng Qigong y curar a mucha gente.<br>Deseo profundamente transmitir mis conocimientos y experiencia a otras personas en todo el mundo, difundir la cultura de Zhineng Qigong y permitir que todos disfruten de la vida, sean felices, libres y sanos.<\/p>\n<\/div>\n<\/div>\n\n\n\n<h2 class=\"wp-block-heading has-vivid-red-color has-text-color\"><strong>Marie X\u012bnL\u00e1n<\/strong><\/h2>\n\n\n\n<div class=\"wp-block-columns is-layout-flex wp-container-core-columns-is-layout-28f84493 wp-block-columns-is-layout-flex\">\n<div class=\"wp-block-column is-layout-flow wp-block-column-is-layout-flow\" style=\"flex-basis:33.33%\">\n<figure class=\"wp-block-image size-full\"><img loading=\"lazy\" decoding=\"async\" width=\"276\" height=\"276\" src=\"https:\/\/www.origenqi.es\/wp-content\/uploads\/2023\/06\/Marie.png\" alt=\"\" class=\"wp-image-1288\" srcset=\"https:\/\/www.origenqi.es\/wp-content\/uploads\/2023\/06\/Marie.png 276w, https:\/\/www.origenqi.es\/wp-content\/uploads\/2023\/06\/Marie-150x150.png 150w, https:\/\/www.origenqi.es\/wp-content\/uploads\/2023\/06\/Marie-270x270.png 270w, https:\/\/www.origenqi.es\/wp-content\/uploads\/2023\/06\/Marie-230x230.png 230w\" sizes=\"auto, (max-width: 276px) 100vw, 276px\" \/><\/figure>\n<\/div>\n\n\n\n<div class=\"wp-block-column is-layout-flow wp-block-column-is-layout-flow\" style=\"flex-basis:66.66%\">\n<p>Marie X\u012bnL\u00e1n (PhD) es practicante de esta disciplina desde hace 17 a\u00f1os. Se form\u00f3 inicialmente en M\u00e9xico en Nivel 1 en 2007 y en Nivel 2 en 2012. Al trasladarse a Espa\u00f1a a radicar en 2013, decidi\u00f3 compartir Zhineng Qigong y para ello se form\u00f3 como profesora en China. Obtuvo la primera certificaci\u00f3n por el Maestro Qi\u016b del Beijing Wisdom Healing Center en 2015 en los Niveles 1 y 2, y en 2016 en Nivel 3. Desde entonces, se ha dedicado a compartir Zhineng Qigong tanto de forma presencial como online. En 2019 colabor\u00f3 con el Maestro Qi\u016b en la formaci\u00f3n de la primera generaci\u00f3n de profesores de Espa\u00f1a. Despu\u00e9s colabor\u00f3 a formar profesores de Mingjue Gongfu con el Maestro Wei del 2020 al 2022. De 2021 a 2022 colabor\u00f3 a formar profesores de Zhineng Qigong con el Centro Xi\u2019An. Y actualmente se encuentra colaborando para formar profesores de Zhineng Qigong con los Maestros Tao y Lv. Marie X\u012bnL\u00e1n tambi\u00e9n colabora con otros grandes Maestros de Zhineng Qigong realizando retiros, clases presenciales, clases online y sanaciones para dar a conocer esta ciencia y para que todos los seres descubran su m\u00e1ximo potencial.<\/p>\n<\/div>\n<\/div>\n","protected":false},"excerpt":{"rendered":"<p>Xing Shen Zhuang es el Segundo Nivel de Zhineng Qigong. Xing Shen Zhuang est\u00e1 dise\u00f1ado para combinar la mente con el cuerpo. Con la pr\u00e1ctica de \u00e9ste m\u00e9todo, el Qi entra muy profundamente. Con la pr\u00e1ctica de Xing Shen Zhuang,<\/p>\n","protected":false},"author":2,"featured_media":0,"parent":22,"menu_order":0,"comment_status":"closed","ping_status":"closed","template":"","meta":{"footnotes":""},"class_list":["post-368","page","type-page","status-publish","hentry"],"yoast_head":"<!-- This site is optimized with the Yoast SEO plugin v27.4 - https:\/\/yoast.com\/product\/yoast-seo-wordpress\/ -->\n<title>Segundo Nivel - Origen Qi - Zhineng Qigong<\/title>\n<meta name=\"robots\" content=\"index, follow, max-snippet:-1, max-image-preview:large, max-video-preview:-1\" \/>\n<link rel=\"canonical\" href=\"https:\/\/www.origenqi.es\/?page_id=368\" \/>\n<meta property=\"og:locale\" content=\"en_GB\" \/>\n<meta property=\"og:type\" content=\"article\" \/>\n<meta property=\"og:title\" content=\"Segundo Nivel - Origen Qi - Zhineng Qigong\" \/>\n<meta property=\"og:description\" content=\"Xing Shen Zhuang es el Segundo Nivel de Zhineng Qigong. Xing Shen Zhuang est\u00e1 dise\u00f1ado para combinar la mente con el cuerpo. Con la pr\u00e1ctica de \u00e9ste m\u00e9todo, el Qi entra muy profundamente. Con la pr\u00e1ctica de Xing Shen Zhuang,\" \/>\n<meta property=\"og:url\" content=\"https:\/\/www.origenqi.es\/?page_id=368\" \/>\n<meta property=\"og:site_name\" content=\"Origen Qi - Zhineng Qigong\" \/>\n<meta property=\"article:publisher\" content=\"https:\/\/www.facebook.com\/mariexinlan\" \/>\n<meta property=\"article:modified_time\" content=\"2025-10-06T16:30:33+00:00\" \/>\n<meta property=\"og:image\" content=\"https:\/\/www.origenqi.es\/wp-content\/uploads\/2025\/09\/2donivel.jpg\" \/>\n\t<meta property=\"og:image:width\" content=\"1000\" \/>\n\t<meta property=\"og:image:height\" content=\"1000\" \/>\n\t<meta property=\"og:image:type\" content=\"image\/jpeg\" \/>\n<meta name=\"twitter:card\" content=\"summary_large_image\" \/>\n<meta name=\"twitter:label1\" content=\"Estimated reading time\" \/>\n\t<meta name=\"twitter:data1\" content=\"4 minutes\" \/>\n<script type=\"application\/ld+json\" class=\"yoast-schema-graph\">{\"@context\":\"https:\\\/\\\/schema.org\",\"@graph\":[{\"@type\":\"WebPage\",\"@id\":\"https:\\\/\\\/www.origenqi.es\\\/?page_id=368\",\"url\":\"https:\\\/\\\/www.origenqi.es\\\/?page_id=368\",\"name\":\"Segundo Nivel - Origen Qi - Zhineng Qigong\",\"isPartOf\":{\"@id\":\"https:\\\/\\\/www.origenqi.es\\\/#website\"},\"primaryImageOfPage\":{\"@id\":\"https:\\\/\\\/www.origenqi.es\\\/?page_id=368#primaryimage\"},\"image\":{\"@id\":\"https:\\\/\\\/www.origenqi.es\\\/?page_id=368#primaryimage\"},\"thumbnailUrl\":\"https:\\\/\\\/www.origenqi.es\\\/wp-content\\\/uploads\\\/2025\\\/09\\\/2donivel.jpg\",\"datePublished\":\"2020-09-09T23:25:57+00:00\",\"dateModified\":\"2025-10-06T16:30:33+00:00\",\"breadcrumb\":{\"@id\":\"https:\\\/\\\/www.origenqi.es\\\/?page_id=368#breadcrumb\"},\"inLanguage\":\"en-GB\",\"potentialAction\":[{\"@type\":\"ReadAction\",\"target\":[\"https:\\\/\\\/www.origenqi.es\\\/?page_id=368\"]}]},{\"@type\":\"ImageObject\",\"inLanguage\":\"en-GB\",\"@id\":\"https:\\\/\\\/www.origenqi.es\\\/?page_id=368#primaryimage\",\"url\":\"https:\\\/\\\/www.origenqi.es\\\/wp-content\\\/uploads\\\/2025\\\/09\\\/2donivel.jpg\",\"contentUrl\":\"https:\\\/\\\/www.origenqi.es\\\/wp-content\\\/uploads\\\/2025\\\/09\\\/2donivel.jpg\",\"width\":1000,\"height\":1000},{\"@type\":\"BreadcrumbList\",\"@id\":\"https:\\\/\\\/www.origenqi.es\\\/?page_id=368#breadcrumb\",\"itemListElement\":[{\"@type\":\"ListItem\",\"position\":1,\"name\":\"Home\",\"item\":\"https:\\\/\\\/www.origenqi.es\\\/\"},{\"@type\":\"ListItem\",\"position\":2,\"name\":\"Ense\u00f1anzas\",\"item\":\"https:\\\/\\\/www.origenqi.es\\\/?page_id=22\"},{\"@type\":\"ListItem\",\"position\":3,\"name\":\"Segundo Nivel\"}]},{\"@type\":\"WebSite\",\"@id\":\"https:\\\/\\\/www.origenqi.es\\\/#website\",\"url\":\"https:\\\/\\\/www.origenqi.es\\\/\",\"name\":\"Origen Qi - Zhineng Qigong\",\"description\":\"El Qigong de las habilidades extraordinarias\",\"publisher\":{\"@id\":\"https:\\\/\\\/www.origenqi.es\\\/#organization\"},\"potentialAction\":[{\"@type\":\"SearchAction\",\"target\":{\"@type\":\"EntryPoint\",\"urlTemplate\":\"https:\\\/\\\/www.origenqi.es\\\/?s={search_term_string}\"},\"query-input\":{\"@type\":\"PropertyValueSpecification\",\"valueRequired\":true,\"valueName\":\"search_term_string\"}}],\"inLanguage\":\"en-GB\"},{\"@type\":\"Organization\",\"@id\":\"https:\\\/\\\/www.origenqi.es\\\/#organization\",\"name\":\"Origen Qi - Zhineng Qigong\",\"url\":\"https:\\\/\\\/www.origenqi.es\\\/\",\"logo\":{\"@type\":\"ImageObject\",\"inLanguage\":\"en-GB\",\"@id\":\"https:\\\/\\\/www.origenqi.es\\\/#\\\/schema\\\/logo\\\/image\\\/\",\"url\":\"https:\\\/\\\/www.origenqi.es\\\/wp-content\\\/uploads\\\/2020\\\/02\\\/spacious.png\",\"contentUrl\":\"https:\\\/\\\/www.origenqi.es\\\/wp-content\\\/uploads\\\/2020\\\/02\\\/spacious.png\",\"width\":100,\"height\":100,\"caption\":\"Origen Qi - Zhineng Qigong\"},\"image\":{\"@id\":\"https:\\\/\\\/www.origenqi.es\\\/#\\\/schema\\\/logo\\\/image\\\/\"},\"sameAs\":[\"https:\\\/\\\/www.facebook.com\\\/mariexinlan\"]}]}<\/script>\n<!-- \/ Yoast SEO plugin. -->","yoast_head_json":{"title":"Segundo Nivel - Origen Qi - Zhineng Qigong","robots":{"index":"index","follow":"follow","max-snippet":"max-snippet:-1","max-image-preview":"max-image-preview:large","max-video-preview":"max-video-preview:-1"},"canonical":"https:\/\/www.origenqi.es\/?page_id=368","og_locale":"en_GB","og_type":"article","og_title":"Segundo Nivel - Origen Qi - Zhineng Qigong","og_description":"Xing Shen Zhuang es el Segundo Nivel de Zhineng Qigong. Xing Shen Zhuang est\u00e1 dise\u00f1ado para combinar la mente con el cuerpo. Con la pr\u00e1ctica de \u00e9ste m\u00e9todo, el Qi entra muy profundamente. Con la pr\u00e1ctica de Xing Shen Zhuang,","og_url":"https:\/\/www.origenqi.es\/?page_id=368","og_site_name":"Origen Qi - Zhineng Qigong","article_publisher":"https:\/\/www.facebook.com\/mariexinlan","article_modified_time":"2025-10-06T16:30:33+00:00","og_image":[{"width":1000,"height":1000,"url":"https:\/\/www.origenqi.es\/wp-content\/uploads\/2025\/09\/2donivel.jpg","type":"image\/jpeg"}],"twitter_card":"summary_large_image","twitter_misc":{"Estimated reading time":"4 minutes"},"schema":{"@context":"https:\/\/schema.org","@graph":[{"@type":"WebPage","@id":"https:\/\/www.origenqi.es\/?page_id=368","url":"https:\/\/www.origenqi.es\/?page_id=368","name":"Segundo Nivel - Origen Qi - Zhineng Qigong","isPartOf":{"@id":"https:\/\/www.origenqi.es\/#website"},"primaryImageOfPage":{"@id":"https:\/\/www.origenqi.es\/?page_id=368#primaryimage"},"image":{"@id":"https:\/\/www.origenqi.es\/?page_id=368#primaryimage"},"thumbnailUrl":"https:\/\/www.origenqi.es\/wp-content\/uploads\/2025\/09\/2donivel.jpg","datePublished":"2020-09-09T23:25:57+00:00","dateModified":"2025-10-06T16:30:33+00:00","breadcrumb":{"@id":"https:\/\/www.origenqi.es\/?page_id=368#breadcrumb"},"inLanguage":"en-GB","potentialAction":[{"@type":"ReadAction","target":["https:\/\/www.origenqi.es\/?page_id=368"]}]},{"@type":"ImageObject","inLanguage":"en-GB","@id":"https:\/\/www.origenqi.es\/?page_id=368#primaryimage","url":"https:\/\/www.origenqi.es\/wp-content\/uploads\/2025\/09\/2donivel.jpg","contentUrl":"https:\/\/www.origenqi.es\/wp-content\/uploads\/2025\/09\/2donivel.jpg","width":1000,"height":1000},{"@type":"BreadcrumbList","@id":"https:\/\/www.origenqi.es\/?page_id=368#breadcrumb","itemListElement":[{"@type":"ListItem","position":1,"name":"Home","item":"https:\/\/www.origenqi.es\/"},{"@type":"ListItem","position":2,"name":"Ense\u00f1anzas","item":"https:\/\/www.origenqi.es\/?page_id=22"},{"@type":"ListItem","position":3,"name":"Segundo Nivel"}]},{"@type":"WebSite","@id":"https:\/\/www.origenqi.es\/#website","url":"https:\/\/www.origenqi.es\/","name":"Origen Qi - Zhineng Qigong","description":"El Qigong de las habilidades extraordinarias","publisher":{"@id":"https:\/\/www.origenqi.es\/#organization"},"potentialAction":[{"@type":"SearchAction","target":{"@type":"EntryPoint","urlTemplate":"https:\/\/www.origenqi.es\/?s={search_term_string}"},"query-input":{"@type":"PropertyValueSpecification","valueRequired":true,"valueName":"search_term_string"}}],"inLanguage":"en-GB"},{"@type":"Organization","@id":"https:\/\/www.origenqi.es\/#organization","name":"Origen Qi - Zhineng Qigong","url":"https:\/\/www.origenqi.es\/","logo":{"@type":"ImageObject","inLanguage":"en-GB","@id":"https:\/\/www.origenqi.es\/#\/schema\/logo\/image\/","url":"https:\/\/www.origenqi.es\/wp-content\/uploads\/2020\/02\/spacious.png","contentUrl":"https:\/\/www.origenqi.es\/wp-content\/uploads\/2020\/02\/spacious.png","width":100,"height":100,"caption":"Origen Qi - Zhineng Qigong"},"image":{"@id":"https:\/\/www.origenqi.es\/#\/schema\/logo\/image\/"},"sameAs":["https:\/\/www.facebook.com\/mariexinlan"]}]}},"_links":{"self":[{"href":"https:\/\/www.origenqi.es\/index.php?rest_route=\/wp\/v2\/pages\/368","targetHints":{"allow":["GET"]}}],"collection":[{"href":"https:\/\/www.origenqi.es\/index.php?rest_route=\/wp\/v2\/pages"}],"about":[{"href":"https:\/\/www.origenqi.es\/index.php?rest_route=\/wp\/v2\/types\/page"}],"author":[{"embeddable":true,"href":"https:\/\/www.origenqi.es\/index.php?rest_route=\/wp\/v2\/users\/2"}],"replies":[{"embeddable":true,"href":"https:\/\/www.origenqi.es\/index.php?rest_route=%2Fwp%2Fv2%2Fcomments&post=368"}],"version-history":[{"count":59,"href":"https:\/\/www.origenqi.es\/index.php?rest_route=\/wp\/v2\/pages\/368\/revisions"}],"predecessor-version":[{"id":2874,"href":"https:\/\/www.origenqi.es\/index.php?rest_route=\/wp\/v2\/pages\/368\/revisions\/2874"}],"up":[{"embeddable":true,"href":"https:\/\/www.origenqi.es\/index.php?rest_route=\/wp\/v2\/pages\/22"}],"wp:attachment":[{"href":"https:\/\/www.origenqi.es\/index.php?rest_route=%2Fwp%2Fv2%2Fmedia&parent=368"}],"curies":[{"name":"wp","href":"https:\/\/api.w.org\/{rel}","templated":true}]}}