{"id":406,"date":"2020-10-02T16:50:16","date_gmt":"2020-10-02T15:50:16","guid":{"rendered":"https:\/\/www.origenqi.es\/?page_id=406"},"modified":"2025-09-20T11:19:01","modified_gmt":"2025-09-20T10:19:01","slug":"tercer-nivel","status":"publish","type":"page","link":"https:\/\/www.origenqi.es\/?page_id=406","title":{"rendered":"Tercer Nivel"},"content":{"rendered":"\n<p>Aprende el mejor m\u00e9todo que nos ha dado el Dr. Pang para sanar nuestras emociones.<\/p>\n\n\n\n<p>Descubre c\u00f3mo sanando nuestras emociones, sanamos naturalmente nuestro cuerpo.<\/p>\n\n\n\n<p>El objetivo principal de este retiro es liberarnos de las emociones negativas que crean bloqueos en nuestro cuerpo y mente. El Tercer Nivel de Zhineng Qigong es la herramienta m\u00e1s efectiva para trascender todas nuestras viejas emociones moviendo nuestros cuerpos como grullas, trabajando con nuestras voces, haciendo mudras con nuestras manos y lo m\u00e1s importante: aprovechando el poder de la conciencia.<\/p>\n\n\n\n<p>El Tercer Nivel de Zhineng Qigong es tan hermoso que te enamorar\u00e1s de \u00e9l y experimentar\u00e1s una paz como nunca antes.<\/p>\n\n\n\n<figure class=\"wp-block-image size-full\"><a href=\"https:\/\/www.origenqi.es\/?p=2680\"><img loading=\"lazy\" decoding=\"async\" width=\"1000\" height=\"1000\" src=\"https:\/\/www.origenqi.es\/wp-content\/uploads\/2025\/08\/202510-Tercer-Nivel.jpg\" alt=\"\" class=\"wp-image-2674\" srcset=\"https:\/\/www.origenqi.es\/wp-content\/uploads\/2025\/08\/202510-Tercer-Nivel.jpg 1000w, https:\/\/www.origenqi.es\/wp-content\/uploads\/2025\/08\/202510-Tercer-Nivel-300x300.jpg 300w, https:\/\/www.origenqi.es\/wp-content\/uploads\/2025\/08\/202510-Tercer-Nivel-150x150.jpg 150w, https:\/\/www.origenqi.es\/wp-content\/uploads\/2025\/08\/202510-Tercer-Nivel-768x768.jpg 768w, https:\/\/www.origenqi.es\/wp-content\/uploads\/2025\/08\/202510-Tercer-Nivel-270x270.jpg 270w, https:\/\/www.origenqi.es\/wp-content\/uploads\/2025\/08\/202510-Tercer-Nivel-230x230.jpg 230w\" sizes=\"auto, (max-width: 1000px) 100vw, 1000px\" \/><\/a><\/figure>\n","protected":false},"excerpt":{"rendered":"<p>Aprende el mejor m\u00e9todo que nos ha dado el Dr. Pang para sanar nuestras emociones. Descubre c\u00f3mo sanando nuestras emociones, sanamos naturalmente nuestro cuerpo. El objetivo principal de este retiro es liberarnos de las emociones negativas que crean bloqueos en<\/p>\n","protected":false},"author":2,"featured_media":0,"parent":22,"menu_order":0,"comment_status":"closed","ping_status":"closed","template":"","meta":{"footnotes":""},"class_list":["post-406","page","type-page","status-publish","hentry"],"yoast_head":"<!-- This site is optimized with the Yoast SEO plugin v27.4 - https:\/\/yoast.com\/product\/yoast-seo-wordpress\/ -->\n<title>Tercer Nivel - Origen Qi - Zhineng Qigong<\/title>\n<meta name=\"robots\" content=\"index, follow, max-snippet:-1, max-image-preview:large, max-video-preview:-1\" \/>\n<link rel=\"canonical\" href=\"https:\/\/www.origenqi.es\/?page_id=406\" \/>\n<meta property=\"og:locale\" content=\"en_GB\" \/>\n<meta property=\"og:type\" content=\"article\" \/>\n<meta property=\"og:title\" content=\"Tercer Nivel - Origen Qi - Zhineng Qigong\" \/>\n<meta property=\"og:description\" content=\"Aprende el mejor m\u00e9todo que nos ha dado el Dr. Pang para sanar nuestras emociones. Descubre c\u00f3mo sanando nuestras emociones, sanamos naturalmente nuestro cuerpo. El objetivo principal de este retiro es liberarnos de las emociones negativas que crean bloqueos en\" \/>\n<meta property=\"og:url\" content=\"https:\/\/www.origenqi.es\/?page_id=406\" \/>\n<meta property=\"og:site_name\" content=\"Origen Qi - Zhineng Qigong\" \/>\n<meta property=\"article:publisher\" content=\"https:\/\/www.facebook.com\/mariexinlan\" \/>\n<meta property=\"article:modified_time\" content=\"2025-09-20T10:19:01+00:00\" \/>\n<meta property=\"og:image\" content=\"https:\/\/www.origenqi.es\/wp-content\/uploads\/2025\/08\/202510-Tercer-Nivel.jpg\" \/>\n\t<meta property=\"og:image:width\" content=\"1000\" \/>\n\t<meta property=\"og:image:height\" content=\"1000\" \/>\n\t<meta property=\"og:image:type\" content=\"image\/jpeg\" \/>\n<meta name=\"twitter:card\" content=\"summary_large_image\" \/>\n<meta name=\"twitter:label1\" content=\"Estimated reading time\" \/>\n\t<meta name=\"twitter:data1\" content=\"1 minute\" \/>\n<script type=\"application\/ld+json\" class=\"yoast-schema-graph\">{\"@context\":\"https:\\\/\\\/schema.org\",\"@graph\":[{\"@type\":\"WebPage\",\"@id\":\"https:\\\/\\\/www.origenqi.es\\\/?page_id=406\",\"url\":\"https:\\\/\\\/www.origenqi.es\\\/?page_id=406\",\"name\":\"Tercer Nivel - Origen Qi - Zhineng Qigong\",\"isPartOf\":{\"@id\":\"https:\\\/\\\/www.origenqi.es\\\/#website\"},\"primaryImageOfPage\":{\"@id\":\"https:\\\/\\\/www.origenqi.es\\\/?page_id=406#primaryimage\"},\"image\":{\"@id\":\"https:\\\/\\\/www.origenqi.es\\\/?page_id=406#primaryimage\"},\"thumbnailUrl\":\"https:\\\/\\\/www.origenqi.es\\\/wp-content\\\/uploads\\\/2025\\\/08\\\/202510-Tercer-Nivel.jpg\",\"datePublished\":\"2020-10-02T15:50:16+00:00\",\"dateModified\":\"2025-09-20T10:19:01+00:00\",\"breadcrumb\":{\"@id\":\"https:\\\/\\\/www.origenqi.es\\\/?page_id=406#breadcrumb\"},\"inLanguage\":\"en-GB\",\"potentialAction\":[{\"@type\":\"ReadAction\",\"target\":[\"https:\\\/\\\/www.origenqi.es\\\/?page_id=406\"]}]},{\"@type\":\"ImageObject\",\"inLanguage\":\"en-GB\",\"@id\":\"https:\\\/\\\/www.origenqi.es\\\/?page_id=406#primaryimage\",\"url\":\"https:\\\/\\\/www.origenqi.es\\\/wp-content\\\/uploads\\\/2025\\\/08\\\/202510-Tercer-Nivel.jpg\",\"contentUrl\":\"https:\\\/\\\/www.origenqi.es\\\/wp-content\\\/uploads\\\/2025\\\/08\\\/202510-Tercer-Nivel.jpg\",\"width\":1000,\"height\":1000},{\"@type\":\"BreadcrumbList\",\"@id\":\"https:\\\/\\\/www.origenqi.es\\\/?page_id=406#breadcrumb\",\"itemListElement\":[{\"@type\":\"ListItem\",\"position\":1,\"name\":\"Home\",\"item\":\"https:\\\/\\\/www.origenqi.es\\\/\"},{\"@type\":\"ListItem\",\"position\":2,\"name\":\"Ense\u00f1anzas\",\"item\":\"https:\\\/\\\/www.origenqi.es\\\/?page_id=22\"},{\"@type\":\"ListItem\",\"position\":3,\"name\":\"Tercer Nivel\"}]},{\"@type\":\"WebSite\",\"@id\":\"https:\\\/\\\/www.origenqi.es\\\/#website\",\"url\":\"https:\\\/\\\/www.origenqi.es\\\/\",\"name\":\"Origen Qi - Zhineng Qigong\",\"description\":\"El Qigong de las habilidades extraordinarias\",\"publisher\":{\"@id\":\"https:\\\/\\\/www.origenqi.es\\\/#organization\"},\"potentialAction\":[{\"@type\":\"SearchAction\",\"target\":{\"@type\":\"EntryPoint\",\"urlTemplate\":\"https:\\\/\\\/www.origenqi.es\\\/?s={search_term_string}\"},\"query-input\":{\"@type\":\"PropertyValueSpecification\",\"valueRequired\":true,\"valueName\":\"search_term_string\"}}],\"inLanguage\":\"en-GB\"},{\"@type\":\"Organization\",\"@id\":\"https:\\\/\\\/www.origenqi.es\\\/#organization\",\"name\":\"Origen Qi - Zhineng Qigong\",\"url\":\"https:\\\/\\\/www.origenqi.es\\\/\",\"logo\":{\"@type\":\"ImageObject\",\"inLanguage\":\"en-GB\",\"@id\":\"https:\\\/\\\/www.origenqi.es\\\/#\\\/schema\\\/logo\\\/image\\\/\",\"url\":\"https:\\\/\\\/www.origenqi.es\\\/wp-content\\\/uploads\\\/2020\\\/02\\\/spacious.png\",\"contentUrl\":\"https:\\\/\\\/www.origenqi.es\\\/wp-content\\\/uploads\\\/2020\\\/02\\\/spacious.png\",\"width\":100,\"height\":100,\"caption\":\"Origen Qi - Zhineng Qigong\"},\"image\":{\"@id\":\"https:\\\/\\\/www.origenqi.es\\\/#\\\/schema\\\/logo\\\/image\\\/\"},\"sameAs\":[\"https:\\\/\\\/www.facebook.com\\\/mariexinlan\"]}]}<\/script>\n<!-- \/ Yoast SEO plugin. -->","yoast_head_json":{"title":"Tercer Nivel - Origen Qi - Zhineng Qigong","robots":{"index":"index","follow":"follow","max-snippet":"max-snippet:-1","max-image-preview":"max-image-preview:large","max-video-preview":"max-video-preview:-1"},"canonical":"https:\/\/www.origenqi.es\/?page_id=406","og_locale":"en_GB","og_type":"article","og_title":"Tercer Nivel - Origen Qi - Zhineng Qigong","og_description":"Aprende el mejor m\u00e9todo que nos ha dado el Dr. Pang para sanar nuestras emociones. Descubre c\u00f3mo sanando nuestras emociones, sanamos naturalmente nuestro cuerpo. El objetivo principal de este retiro es liberarnos de las emociones negativas que crean bloqueos en","og_url":"https:\/\/www.origenqi.es\/?page_id=406","og_site_name":"Origen Qi - Zhineng Qigong","article_publisher":"https:\/\/www.facebook.com\/mariexinlan","article_modified_time":"2025-09-20T10:19:01+00:00","og_image":[{"width":1000,"height":1000,"url":"https:\/\/www.origenqi.es\/wp-content\/uploads\/2025\/08\/202510-Tercer-Nivel.jpg","type":"image\/jpeg"}],"twitter_card":"summary_large_image","twitter_misc":{"Estimated reading time":"1 minute"},"schema":{"@context":"https:\/\/schema.org","@graph":[{"@type":"WebPage","@id":"https:\/\/www.origenqi.es\/?page_id=406","url":"https:\/\/www.origenqi.es\/?page_id=406","name":"Tercer Nivel - Origen Qi - Zhineng Qigong","isPartOf":{"@id":"https:\/\/www.origenqi.es\/#website"},"primaryImageOfPage":{"@id":"https:\/\/www.origenqi.es\/?page_id=406#primaryimage"},"image":{"@id":"https:\/\/www.origenqi.es\/?page_id=406#primaryimage"},"thumbnailUrl":"https:\/\/www.origenqi.es\/wp-content\/uploads\/2025\/08\/202510-Tercer-Nivel.jpg","datePublished":"2020-10-02T15:50:16+00:00","dateModified":"2025-09-20T10:19:01+00:00","breadcrumb":{"@id":"https:\/\/www.origenqi.es\/?page_id=406#breadcrumb"},"inLanguage":"en-GB","potentialAction":[{"@type":"ReadAction","target":["https:\/\/www.origenqi.es\/?page_id=406"]}]},{"@type":"ImageObject","inLanguage":"en-GB","@id":"https:\/\/www.origenqi.es\/?page_id=406#primaryimage","url":"https:\/\/www.origenqi.es\/wp-content\/uploads\/2025\/08\/202510-Tercer-Nivel.jpg","contentUrl":"https:\/\/www.origenqi.es\/wp-content\/uploads\/2025\/08\/202510-Tercer-Nivel.jpg","width":1000,"height":1000},{"@type":"BreadcrumbList","@id":"https:\/\/www.origenqi.es\/?page_id=406#breadcrumb","itemListElement":[{"@type":"ListItem","position":1,"name":"Home","item":"https:\/\/www.origenqi.es\/"},{"@type":"ListItem","position":2,"name":"Ense\u00f1anzas","item":"https:\/\/www.origenqi.es\/?page_id=22"},{"@type":"ListItem","position":3,"name":"Tercer Nivel"}]},{"@type":"WebSite","@id":"https:\/\/www.origenqi.es\/#website","url":"https:\/\/www.origenqi.es\/","name":"Origen Qi - Zhineng Qigong","description":"El Qigong de las habilidades extraordinarias","publisher":{"@id":"https:\/\/www.origenqi.es\/#organization"},"potentialAction":[{"@type":"SearchAction","target":{"@type":"EntryPoint","urlTemplate":"https:\/\/www.origenqi.es\/?s={search_term_string}"},"query-input":{"@type":"PropertyValueSpecification","valueRequired":true,"valueName":"search_term_string"}}],"inLanguage":"en-GB"},{"@type":"Organization","@id":"https:\/\/www.origenqi.es\/#organization","name":"Origen Qi - Zhineng Qigong","url":"https:\/\/www.origenqi.es\/","logo":{"@type":"ImageObject","inLanguage":"en-GB","@id":"https:\/\/www.origenqi.es\/#\/schema\/logo\/image\/","url":"https:\/\/www.origenqi.es\/wp-content\/uploads\/2020\/02\/spacious.png","contentUrl":"https:\/\/www.origenqi.es\/wp-content\/uploads\/2020\/02\/spacious.png","width":100,"height":100,"caption":"Origen Qi - Zhineng Qigong"},"image":{"@id":"https:\/\/www.origenqi.es\/#\/schema\/logo\/image\/"},"sameAs":["https:\/\/www.facebook.com\/mariexinlan"]}]}},"_links":{"self":[{"href":"https:\/\/www.origenqi.es\/index.php?rest_route=\/wp\/v2\/pages\/406","targetHints":{"allow":["GET"]}}],"collection":[{"href":"https:\/\/www.origenqi.es\/index.php?rest_route=\/wp\/v2\/pages"}],"about":[{"href":"https:\/\/www.origenqi.es\/index.php?rest_route=\/wp\/v2\/types\/page"}],"author":[{"embeddable":true,"href":"https:\/\/www.origenqi.es\/index.php?rest_route=\/wp\/v2\/users\/2"}],"replies":[{"embeddable":true,"href":"https:\/\/www.origenqi.es\/index.php?rest_route=%2Fwp%2Fv2%2Fcomments&post=406"}],"version-history":[{"count":34,"href":"https:\/\/www.origenqi.es\/index.php?rest_route=\/wp\/v2\/pages\/406\/revisions"}],"predecessor-version":[{"id":2799,"href":"https:\/\/www.origenqi.es\/index.php?rest_route=\/wp\/v2\/pages\/406\/revisions\/2799"}],"up":[{"embeddable":true,"href":"https:\/\/www.origenqi.es\/index.php?rest_route=\/wp\/v2\/pages\/22"}],"wp:attachment":[{"href":"https:\/\/www.origenqi.es\/index.php?rest_route=%2Fwp%2Fv2%2Fmedia&parent=406"}],"curies":[{"name":"wp","href":"https:\/\/api.w.org\/{rel}","templated":true}]}}