{"id":427,"date":"2020-10-04T21:53:40","date_gmt":"2020-10-04T20:53:40","guid":{"rendered":"https:\/\/www.origenqi.es\/?page_id=427"},"modified":"2024-09-19T11:09:17","modified_gmt":"2024-09-19T10:09:17","slug":"sesiones-gratuitas","status":"publish","type":"page","link":"https:\/\/www.origenqi.es\/?page_id=427","title":{"rendered":"Pr\u00e1cticas"},"content":{"rendered":"\n<figure class=\"wp-block-image size-large\"><a href=\"https:\/\/wa.me\/34686729002\"><img loading=\"lazy\" decoding=\"async\" width=\"1024\" height=\"1024\" src=\"https:\/\/www.origenqi.es\/wp-content\/uploads\/2024\/02\/Lunes-de-LaQi-1024x1024.png\" alt=\"\" class=\"wp-image-1963\" srcset=\"https:\/\/www.origenqi.es\/wp-content\/uploads\/2024\/02\/Lunes-de-LaQi-1024x1024.png 1024w, https:\/\/www.origenqi.es\/wp-content\/uploads\/2024\/02\/Lunes-de-LaQi-300x300.png 300w, https:\/\/www.origenqi.es\/wp-content\/uploads\/2024\/02\/Lunes-de-LaQi-150x150.png 150w, https:\/\/www.origenqi.es\/wp-content\/uploads\/2024\/02\/Lunes-de-LaQi-768x768.png 768w, https:\/\/www.origenqi.es\/wp-content\/uploads\/2024\/02\/Lunes-de-LaQi-270x270.png 270w, https:\/\/www.origenqi.es\/wp-content\/uploads\/2024\/02\/Lunes-de-LaQi-230x230.png 230w, https:\/\/www.origenqi.es\/wp-content\/uploads\/2024\/02\/Lunes-de-LaQi.png 1080w\" sizes=\"auto, (max-width: 1024px) 100vw, 1024px\" \/><\/a><\/figure>\n\n\n\n<p>Bienvenidas y bienvenidos a esta nueva propuesta de fortalecer nuestras bases de Zhineng Qigong. L\u0101Q\u00ec es el m\u00e9todo m\u00e1s fundamental de nuestra pr\u00e1ctica y Ch\u0113nQ\u00ec es el m\u00e9todo con el que reunimos Q\u00ec de forma m\u00e1s abundante en menos tiempo. Juntos son m\u00e9todos fenomenales para nuestra sanaci\u00f3n.<\/p>\n\n\n\n<p class=\"has-vivid-red-color has-text-color has-link-color has-medium-font-size wp-elements-2165c194d3b445de3d39a202ea7db896\"><strong><a href=\"https:\/\/wa.me\/34686729002\">Si gustas practicar semanalmente, env\u00edame tu nombre por WhatsApp para agregarte a una lista de difusi\u00f3n.<\/a><\/strong><\/p>\n\n\n\n<p>\u00a1Bienvenidos y H\u00f9nYu\u00e1nL\u00edngT\u014dng! \u2764\ufe0f<br>Marie X\u012bnL\u00e1n<\/p>\n\n\n\n<p>WhatsApp: <a href=\"https:\/\/wa.me\/34686729002\"><strong>(+34) 686 729 002<\/strong><\/a><\/p>\n\n\n\n<p>Webpage: <strong><a href=\"https:\/\/www.origenqi.es\">https:\/\/www.origenqi.es<\/a><\/strong><\/p>\n\n\n\n<p>Instagram: <strong><a href=\"https:\/\/www.instagram.com\/mariexinlan\">https:\/\/www.instagram.com\/mariexinlan<\/a><\/strong><\/p>\n\n\n\n<p>Facebook: <strong><a href=\"https:\/\/www.facebook.com\/mariexinlan\">https:\/\/www.facebook.com\/mariexinlan<\/a><\/strong><\/p>\n\n\n\n<p>YouTube: <a href=\"https:\/\/www.youtube.com\/channel\/UCASiM2Obtlv_iPV1AZsPK9w\"><strong>https:\/\/www.youtube.com\/channel\/UCASiM2Obtlv_iPV1AZsPK9w<\/strong><\/a><\/p>\n\n\n\n<figure class=\"wp-block-embed is-type-video is-provider-youtube wp-block-embed-youtube wp-embed-aspect-16-9 wp-has-aspect-ratio\"><div class=\"wp-block-embed__wrapper\">\n<iframe loading=\"lazy\" title=\"A\u00f1o Drag\u00f3n en Zhineng Qigong \ud83d\udc32 y celebraci\u00f3n al Dr. Pang Ming, nuestro drag\u00f3n favorito \u2764\ufe0f\" width=\"750\" height=\"422\" src=\"https:\/\/www.youtube.com\/embed\/dqH2yvtO5xs?feature=oembed\" frameborder=\"0\" allow=\"accelerometer; autoplay; clipboard-write; encrypted-media; gyroscope; picture-in-picture; web-share\" referrerpolicy=\"strict-origin-when-cross-origin\" allowfullscreen><\/iframe>\n<\/div><\/figure>\n","protected":false},"excerpt":{"rendered":"<p>Bienvenidas y bienvenidos a esta nueva propuesta de fortalecer nuestras bases de Zhineng Qigong. L\u0101Q\u00ec es el m\u00e9todo m\u00e1s fundamental de nuestra pr\u00e1ctica y Ch\u0113nQ\u00ec es el m\u00e9todo con el que reunimos Q\u00ec de forma m\u00e1s abundante en menos tiempo.<\/p>\n","protected":false},"author":2,"featured_media":0,"parent":22,"menu_order":0,"comment_status":"closed","ping_status":"closed","template":"","meta":{"footnotes":""},"class_list":["post-427","page","type-page","status-publish","hentry"],"yoast_head":"<!-- This site is optimized with the Yoast SEO plugin v27.4 - https:\/\/yoast.com\/product\/yoast-seo-wordpress\/ -->\n<title>Pr\u00e1cticas - Origen Qi - Zhineng Qigong<\/title>\n<meta name=\"robots\" content=\"index, follow, max-snippet:-1, max-image-preview:large, max-video-preview:-1\" \/>\n<link rel=\"canonical\" href=\"https:\/\/www.origenqi.es\/?page_id=427\" \/>\n<meta property=\"og:locale\" content=\"en_GB\" \/>\n<meta property=\"og:type\" content=\"article\" \/>\n<meta property=\"og:title\" content=\"Pr\u00e1cticas - Origen Qi - Zhineng Qigong\" \/>\n<meta property=\"og:description\" content=\"Bienvenidas y bienvenidos a esta nueva propuesta de fortalecer nuestras bases de Zhineng Qigong. L\u0101Q\u00ec es el m\u00e9todo m\u00e1s fundamental de nuestra pr\u00e1ctica y Ch\u0113nQ\u00ec es el m\u00e9todo con el que reunimos Q\u00ec de forma m\u00e1s abundante en menos tiempo.\" \/>\n<meta property=\"og:url\" content=\"https:\/\/www.origenqi.es\/?page_id=427\" \/>\n<meta property=\"og:site_name\" content=\"Origen Qi - Zhineng Qigong\" \/>\n<meta property=\"article:publisher\" content=\"https:\/\/www.facebook.com\/mariexinlan\" \/>\n<meta property=\"article:modified_time\" content=\"2024-09-19T10:09:17+00:00\" \/>\n<meta property=\"og:image\" content=\"https:\/\/www.origenqi.es\/wp-content\/uploads\/2024\/02\/Lunes-de-LaQi-1024x1024.png\" \/>\n<meta name=\"twitter:card\" content=\"summary_large_image\" \/>\n<meta name=\"twitter:label1\" content=\"Estimated reading time\" \/>\n\t<meta name=\"twitter:data1\" content=\"1 minute\" \/>\n<script type=\"application\/ld+json\" class=\"yoast-schema-graph\">{\"@context\":\"https:\\\/\\\/schema.org\",\"@graph\":[{\"@type\":\"WebPage\",\"@id\":\"https:\\\/\\\/www.origenqi.es\\\/?page_id=427\",\"url\":\"https:\\\/\\\/www.origenqi.es\\\/?page_id=427\",\"name\":\"Pr\u00e1cticas - Origen Qi - Zhineng Qigong\",\"isPartOf\":{\"@id\":\"https:\\\/\\\/www.origenqi.es\\\/#website\"},\"primaryImageOfPage\":{\"@id\":\"https:\\\/\\\/www.origenqi.es\\\/?page_id=427#primaryimage\"},\"image\":{\"@id\":\"https:\\\/\\\/www.origenqi.es\\\/?page_id=427#primaryimage\"},\"thumbnailUrl\":\"https:\\\/\\\/www.origenqi.es\\\/wp-content\\\/uploads\\\/2024\\\/02\\\/Lunes-de-LaQi-1024x1024.png\",\"datePublished\":\"2020-10-04T20:53:40+00:00\",\"dateModified\":\"2024-09-19T10:09:17+00:00\",\"breadcrumb\":{\"@id\":\"https:\\\/\\\/www.origenqi.es\\\/?page_id=427#breadcrumb\"},\"inLanguage\":\"en-GB\",\"potentialAction\":[{\"@type\":\"ReadAction\",\"target\":[\"https:\\\/\\\/www.origenqi.es\\\/?page_id=427\"]}]},{\"@type\":\"ImageObject\",\"inLanguage\":\"en-GB\",\"@id\":\"https:\\\/\\\/www.origenqi.es\\\/?page_id=427#primaryimage\",\"url\":\"\",\"contentUrl\":\"\"},{\"@type\":\"BreadcrumbList\",\"@id\":\"https:\\\/\\\/www.origenqi.es\\\/?page_id=427#breadcrumb\",\"itemListElement\":[{\"@type\":\"ListItem\",\"position\":1,\"name\":\"Home\",\"item\":\"https:\\\/\\\/www.origenqi.es\\\/\"},{\"@type\":\"ListItem\",\"position\":2,\"name\":\"Ense\u00f1anzas\",\"item\":\"https:\\\/\\\/www.origenqi.es\\\/?page_id=22\"},{\"@type\":\"ListItem\",\"position\":3,\"name\":\"Pr\u00e1cticas\"}]},{\"@type\":\"WebSite\",\"@id\":\"https:\\\/\\\/www.origenqi.es\\\/#website\",\"url\":\"https:\\\/\\\/www.origenqi.es\\\/\",\"name\":\"Origen Qi - Zhineng Qigong\",\"description\":\"El Qigong de las habilidades extraordinarias\",\"publisher\":{\"@id\":\"https:\\\/\\\/www.origenqi.es\\\/#organization\"},\"potentialAction\":[{\"@type\":\"SearchAction\",\"target\":{\"@type\":\"EntryPoint\",\"urlTemplate\":\"https:\\\/\\\/www.origenqi.es\\\/?s={search_term_string}\"},\"query-input\":{\"@type\":\"PropertyValueSpecification\",\"valueRequired\":true,\"valueName\":\"search_term_string\"}}],\"inLanguage\":\"en-GB\"},{\"@type\":\"Organization\",\"@id\":\"https:\\\/\\\/www.origenqi.es\\\/#organization\",\"name\":\"Origen Qi - Zhineng Qigong\",\"url\":\"https:\\\/\\\/www.origenqi.es\\\/\",\"logo\":{\"@type\":\"ImageObject\",\"inLanguage\":\"en-GB\",\"@id\":\"https:\\\/\\\/www.origenqi.es\\\/#\\\/schema\\\/logo\\\/image\\\/\",\"url\":\"https:\\\/\\\/www.origenqi.es\\\/wp-content\\\/uploads\\\/2020\\\/02\\\/spacious.png\",\"contentUrl\":\"https:\\\/\\\/www.origenqi.es\\\/wp-content\\\/uploads\\\/2020\\\/02\\\/spacious.png\",\"width\":100,\"height\":100,\"caption\":\"Origen Qi - Zhineng Qigong\"},\"image\":{\"@id\":\"https:\\\/\\\/www.origenqi.es\\\/#\\\/schema\\\/logo\\\/image\\\/\"},\"sameAs\":[\"https:\\\/\\\/www.facebook.com\\\/mariexinlan\"]}]}<\/script>\n<!-- \/ Yoast SEO plugin. -->","yoast_head_json":{"title":"Pr\u00e1cticas - Origen Qi - Zhineng Qigong","robots":{"index":"index","follow":"follow","max-snippet":"max-snippet:-1","max-image-preview":"max-image-preview:large","max-video-preview":"max-video-preview:-1"},"canonical":"https:\/\/www.origenqi.es\/?page_id=427","og_locale":"en_GB","og_type":"article","og_title":"Pr\u00e1cticas - Origen Qi - Zhineng Qigong","og_description":"Bienvenidas y bienvenidos a esta nueva propuesta de fortalecer nuestras bases de Zhineng Qigong. L\u0101Q\u00ec es el m\u00e9todo m\u00e1s fundamental de nuestra pr\u00e1ctica y Ch\u0113nQ\u00ec es el m\u00e9todo con el que reunimos Q\u00ec de forma m\u00e1s abundante en menos tiempo.","og_url":"https:\/\/www.origenqi.es\/?page_id=427","og_site_name":"Origen Qi - Zhineng Qigong","article_publisher":"https:\/\/www.facebook.com\/mariexinlan","article_modified_time":"2024-09-19T10:09:17+00:00","og_image":[{"url":"https:\/\/www.origenqi.es\/wp-content\/uploads\/2024\/02\/Lunes-de-LaQi-1024x1024.png","type":"","width":"","height":""}],"twitter_card":"summary_large_image","twitter_misc":{"Estimated reading time":"1 minute"},"schema":{"@context":"https:\/\/schema.org","@graph":[{"@type":"WebPage","@id":"https:\/\/www.origenqi.es\/?page_id=427","url":"https:\/\/www.origenqi.es\/?page_id=427","name":"Pr\u00e1cticas - Origen Qi - Zhineng Qigong","isPartOf":{"@id":"https:\/\/www.origenqi.es\/#website"},"primaryImageOfPage":{"@id":"https:\/\/www.origenqi.es\/?page_id=427#primaryimage"},"image":{"@id":"https:\/\/www.origenqi.es\/?page_id=427#primaryimage"},"thumbnailUrl":"https:\/\/www.origenqi.es\/wp-content\/uploads\/2024\/02\/Lunes-de-LaQi-1024x1024.png","datePublished":"2020-10-04T20:53:40+00:00","dateModified":"2024-09-19T10:09:17+00:00","breadcrumb":{"@id":"https:\/\/www.origenqi.es\/?page_id=427#breadcrumb"},"inLanguage":"en-GB","potentialAction":[{"@type":"ReadAction","target":["https:\/\/www.origenqi.es\/?page_id=427"]}]},{"@type":"ImageObject","inLanguage":"en-GB","@id":"https:\/\/www.origenqi.es\/?page_id=427#primaryimage","url":"","contentUrl":""},{"@type":"BreadcrumbList","@id":"https:\/\/www.origenqi.es\/?page_id=427#breadcrumb","itemListElement":[{"@type":"ListItem","position":1,"name":"Home","item":"https:\/\/www.origenqi.es\/"},{"@type":"ListItem","position":2,"name":"Ense\u00f1anzas","item":"https:\/\/www.origenqi.es\/?page_id=22"},{"@type":"ListItem","position":3,"name":"Pr\u00e1cticas"}]},{"@type":"WebSite","@id":"https:\/\/www.origenqi.es\/#website","url":"https:\/\/www.origenqi.es\/","name":"Origen Qi - Zhineng Qigong","description":"El Qigong de las habilidades extraordinarias","publisher":{"@id":"https:\/\/www.origenqi.es\/#organization"},"potentialAction":[{"@type":"SearchAction","target":{"@type":"EntryPoint","urlTemplate":"https:\/\/www.origenqi.es\/?s={search_term_string}"},"query-input":{"@type":"PropertyValueSpecification","valueRequired":true,"valueName":"search_term_string"}}],"inLanguage":"en-GB"},{"@type":"Organization","@id":"https:\/\/www.origenqi.es\/#organization","name":"Origen Qi - Zhineng Qigong","url":"https:\/\/www.origenqi.es\/","logo":{"@type":"ImageObject","inLanguage":"en-GB","@id":"https:\/\/www.origenqi.es\/#\/schema\/logo\/image\/","url":"https:\/\/www.origenqi.es\/wp-content\/uploads\/2020\/02\/spacious.png","contentUrl":"https:\/\/www.origenqi.es\/wp-content\/uploads\/2020\/02\/spacious.png","width":100,"height":100,"caption":"Origen Qi - Zhineng Qigong"},"image":{"@id":"https:\/\/www.origenqi.es\/#\/schema\/logo\/image\/"},"sameAs":["https:\/\/www.facebook.com\/mariexinlan"]}]}},"_links":{"self":[{"href":"https:\/\/www.origenqi.es\/index.php?rest_route=\/wp\/v2\/pages\/427","targetHints":{"allow":["GET"]}}],"collection":[{"href":"https:\/\/www.origenqi.es\/index.php?rest_route=\/wp\/v2\/pages"}],"about":[{"href":"https:\/\/www.origenqi.es\/index.php?rest_route=\/wp\/v2\/types\/page"}],"author":[{"embeddable":true,"href":"https:\/\/www.origenqi.es\/index.php?rest_route=\/wp\/v2\/users\/2"}],"replies":[{"embeddable":true,"href":"https:\/\/www.origenqi.es\/index.php?rest_route=%2Fwp%2Fv2%2Fcomments&post=427"}],"version-history":[{"count":29,"href":"https:\/\/www.origenqi.es\/index.php?rest_route=\/wp\/v2\/pages\/427\/revisions"}],"predecessor-version":[{"id":2255,"href":"https:\/\/www.origenqi.es\/index.php?rest_route=\/wp\/v2\/pages\/427\/revisions\/2255"}],"up":[{"embeddable":true,"href":"https:\/\/www.origenqi.es\/index.php?rest_route=\/wp\/v2\/pages\/22"}],"wp:attachment":[{"href":"https:\/\/www.origenqi.es\/index.php?rest_route=%2Fwp%2Fv2%2Fmedia&parent=427"}],"curies":[{"name":"wp","href":"https:\/\/api.w.org\/{rel}","templated":true}]}}